{"id":10885,"date":"2024-07-18T11:16:29","date_gmt":"2024-07-18T11:16:29","guid":{"rendered":"https:\/\/menaville-safaga.com\/restaurants-bars\/"},"modified":"2024-10-04T21:38:03","modified_gmt":"2024-10-04T21:38:03","slug":"restaurants-bars","status":"publish","type":"page","link":"https:\/\/menaville-safaga.com\/pl\/restaurants-bars\/","title":{"rendered":"Restauracje i bary"},"content":{"rendered":"\t\t<div data-elementor-type=\"wp-page\" data-elementor-id=\"10885\" class=\"elementor elementor-10885 elementor-7946\">\n\t\t\t\t\t\t<section class=\"elementor-section elementor-top-section elementor-element elementor-element-70fb8c7 elementor-section-full_width elementor-section-height-default elementor-section-height-default\" data-id=\"70fb8c7\" data-element_type=\"section\">\n\t\t\t\t\t\t<div class=\"elementor-container elementor-column-gap-no\">\n\t\t\t\t\t<div class=\"elementor-column elementor-col-100 elementor-top-column elementor-element elementor-element-08421b4\" data-id=\"08421b4\" data-element_type=\"column\">\n\t\t\t<div class=\"elementor-widget-wrap elementor-element-populated\">\n\t\t\t\t\t\t<div class=\"elementor-element elementor-element-1db2167 elementor-widget elementor-widget-kinsley-intro\" data-id=\"1db2167\" data-element_type=\"widget\" data-widget_type=\"kinsley-intro.default\">\n\t\t\t\t<div class=\"elementor-widget-container\">\n\t\t\t\n    <!-- banner -->\n    <section class=\"knsl-banner-simple knsl-banner-white\">\n      \n\t  \t  <div class=\"knsl-cover-frame\">\n\t\t\t\t\t\t<div style=\"background-image: url('https:\/\/menaville-safaga.com\/wp-content\/uploads\/2024\/07\/Img7954-copyxxxoke.jpg');\" class=\"knsl-parallax knsl-banner-slide\"><\/div>\n\t\t\t\t\t\t\t\t\t  <\/div>\n\t  <div class=\"knsl-overlay\" style=\"opacity: 0.5;\"><\/div>\n\t  \n      <div class=\"container\">\n        <div class=\"row\">\n          <div class=\"col-lg-12\">\n\n            <div class=\"knsl-center knsl-title-frame title-pos-top\">\n                            <h1 class=\"knsl-title--h knsl-mb-20 knsl-h1-inner\">\n                <span >\n                    Restauracje i bary                <\/span>\n              <\/h1>\n                                          <p class=\"knsl-text knsl-mb-30\">\n                <span >\n                    Najlepsze doznania kulinarne w naszej hotelowej restauracji i barze                <\/span>\n              <\/p>\n              \n              <ul class=\"knsl-breadcrumbs\"><li><a href=\"https:\/\/menaville-safaga.com\/pl\/\" title=\"Menaville Safaga\">Home<\/a><\/li><li class=\"tst-active\"><a><\/a><\/li><\/ul>\n            <\/div>\n\n          <\/div>\n        <\/div>\n      <\/div>\n    <\/section>\n    <!-- banner end -->\n\n\t\t\t\t<\/div>\n\t\t\t\t<\/div>\n\t\t\t\t<section class=\"elementor-section elementor-inner-section elementor-element elementor-element-e832092 elementor-section-boxed elementor-section-height-default elementor-section-height-default\" data-id=\"e832092\" data-element_type=\"section\">\n\t\t\t\t\t\t<div class=\"elementor-container elementor-column-gap-default\">\n\t\t\t\t\t<div class=\"elementor-column elementor-col-100 elementor-inner-column elementor-element elementor-element-5cccbf7\" data-id=\"5cccbf7\" data-element_type=\"column\">\n\t\t\t<div class=\"elementor-widget-wrap elementor-element-populated\">\n\t\t\t\t\t\t<div class=\"elementor-element elementor-element-f3b932b elementor-widget elementor-widget-heading\" data-id=\"f3b932b\" data-element_type=\"widget\" data-widget_type=\"heading.default\">\n\t\t\t\t<div class=\"elementor-widget-container\">\n\t\t\t<h2 class=\"elementor-heading-title elementor-size-default\">Restauracje<\/h2>\t\t<\/div>\n\t\t\t\t<\/div>\n\t\t\t\t<div class=\"elementor-element elementor-element-559e06a elementor-widget__width-initial elementor-widget elementor-widget-text-editor\" data-id=\"559e06a\" data-element_type=\"widget\" data-widget_type=\"text-editor.default\">\n\t\t\t\t<div class=\"elementor-widget-container\">\n\t\t\t\t\t\t\t<p>Odpocznij i zrelaksuj si\u0119 w r\u00f3\u017cnorodnych restauracjach i barach <span class=\"error-spellcheck\" data-word=\"Menaville\" data-suggestion=\"Mena-ville|Melville|Mena ville\">Menaville<\/span> Resort, kt\u00f3re zaspokoj\u0105 ka\u017cdy gust i nastr\u00f3j. Ciesz si\u0119 ca\u0142odobowym wy\u017cywieniem dzi\u0119ki naszemu pakietowi all-inclusive, oferuj\u0105cemu r\u00f3\u017cnorodne kulinarne przysmaki.<\/p>\t\t\t\t\t\t<\/div>\n\t\t\t\t<\/div>\n\t\t\t\t<div class=\"elementor-element elementor-element-64ca37d elementor-widget elementor-widget-kinsley-services-custom\" data-id=\"64ca37d\" data-element_type=\"widget\" data-widget_type=\"kinsley-services-custom.default\">\n\t\t\t\t<div class=\"elementor-widget-container\">\n\t\t\t\n\t\t<!-- services -->\n    <section class=\"knsl-p-0-80\">\n      <div class=\"container\">\n        <div class=\"row  attr-desc-false\">\n          \n\t\t\t\t\t\n\t\t\t\t\t\n          <div class=\"col-md-6 col-lg-4\">\n\n\t\t\t\t\t\t\n\t\t\t\t\t\t<!-- service card -->\n\t\t\t\t\t\t<div class=\"knsl-ath-card \">\n\t\t\t\t\t\t\t<div class=\"knsl-cover-frame\">\n\t\t\t\t\t\t\t\t\t\t\t\t\t\t\t\t<a href=\"\/pl\/main-restaurant\/\">\n\t\t\t\t\t\t\t\t\t\t\t\t\t\t\t\t\t\t\t\t\t\t\t\t\t\t<img decoding=\"async\" src=\"https:\/\/menaville-safaga.com\/wp-content\/uploads\/2024\/07\/Img7954-copyxxxoke-950x633.jpg\" alt=\"Restauracje i bary\">\n\t\t\t\t\t\t\t\t\t\t\t\t\t\t\t\t\t\t\t\t\t\t\t\t\t<\/a>\n\t\t\t\t\t\t\t\t\t\t\t\t\t\t\t\t\t\t\t\t\t\t\t<\/div>\n\t\t\t\t\t\t\t<div class=\"knsl-card-description\">\n\t\t\t\t\t\t\t\t\t\t\t\t\t\t\t\t<h3 class=\"knsl-mb-10\">\n\t\t\t\t\t\t\t\t\t<span >\n\t\t\t\t\t\t\t\t\t\tG\u0142\u00f3wna restauracja\t\t\t\t\t\t\t\t\t<\/span>\n\t\t\t\t\t\t\t\t<\/h3>\n\t\t\t\t\t\t\t\t\t\t\t\t\t\t\t\t\t\t\t\t\t\t\t\t<div class=\"knsl-text knsl-text--h\">\n\t\t\t\t\t\t\t\t\t<span >\n\t\t\t\t\t\t\t\t\t\tWybierz si\u0119 na kulinarn\u0105 przygod\u0119 na ca\u0142ym \u015bwiecie w g\u0142\u00f3wnej restauracji Menaville\t\t\t\t\t\t\t\t\t<\/span>\n\t\t\t\t\t\t\t\t<\/div>\n\t\t\t\t\t\t\t\t\t\t\t\t\t\t\t\t\t\t\t\t\t\t\t\t<a href=\"\/pl\/main-restaurant\/\" class=\"knsl-btn\">\n\t\t\t\t\t\t\t\t\t<span >\n\t\t\t\t\t\t\t\t\t\tDowiedz si\u0119 wi\u0119cej\t\t\t\t\t\t\t\t\t<\/span>\n\t\t\t\t\t\t\t\t\t<span class=\"screen-reader-text\">\n\t\t\t\t\t\t\t\t\t\tRead more&nbsp;G\u0142\u00f3wna restauracja\t\t\t\t\t\t\t\t\t<\/span>\n\t\t\t\t\t\t\t\t<\/a>\n\t\t\t\t\t\t\t\t\t\t\t\t\t\t\t<\/div>\n\t\t\t\t\t\t<\/div>\n\t\t\t\t\t\t<!-- service card end -->\n\n          <\/div>\n\t\t\t\t\t\n          <div class=\"col-md-6 col-lg-4\">\n\n\t\t\t\t\t\t\n\t\t\t\t\t\t<!-- service card -->\n\t\t\t\t\t\t<div class=\"knsl-ath-card \">\n\t\t\t\t\t\t\t<div class=\"knsl-cover-frame\">\n\t\t\t\t\t\t\t\t\t\t\t\t\t\t\t\t<a href=\"\/pl\/amalia-italian-restaurant\/\">\n\t\t\t\t\t\t\t\t\t\t\t\t\t\t\t\t\t\t\t\t\t\t\t\t\t\t<img decoding=\"async\" src=\"https:\/\/menaville-safaga.com\/wp-content\/uploads\/2024\/07\/AJ3A7550-950x633.jpg\" alt=\"Restauracje i bary\">\n\t\t\t\t\t\t\t\t\t\t\t\t\t\t\t\t\t\t\t\t\t\t\t\t\t<\/a>\n\t\t\t\t\t\t\t\t\t\t\t\t\t\t\t\t\t\t\t\t\t\t\t<\/div>\n\t\t\t\t\t\t\t<div class=\"knsl-card-description\">\n\t\t\t\t\t\t\t\t\t\t\t\t\t\t\t\t<h3 class=\"knsl-mb-10\">\n\t\t\t\t\t\t\t\t\t<span >\n\t\t\t\t\t\t\t\t\t\tRestauracja w\u0142oska Amalia\t\t\t\t\t\t\t\t\t<\/span>\n\t\t\t\t\t\t\t\t<\/h3>\n\t\t\t\t\t\t\t\t\t\t\t\t\t\t\t\t\t\t\t\t\t\t\t\t<div class=\"knsl-text knsl-text--h\">\n\t\t\t\t\t\t\t\t\t<span >\n\t\t\t\t\t\t\t\t\t\tPrze\u017cyj czar W\u0142och w Amalia.\t\t\t\t\t\t\t\t\t<\/span>\n\t\t\t\t\t\t\t\t<\/div>\n\t\t\t\t\t\t\t\t\t\t\t\t\t\t\t\t\t\t\t\t\t\t\t\t<a href=\"\/pl\/amalia-italian-restaurant\/\" class=\"knsl-btn\">\n\t\t\t\t\t\t\t\t\t<span >\n\t\t\t\t\t\t\t\t\t\tDowiedz si\u0119 wi\u0119cej\t\t\t\t\t\t\t\t\t<\/span>\n\t\t\t\t\t\t\t\t\t<span class=\"screen-reader-text\">\n\t\t\t\t\t\t\t\t\t\tRead more&nbsp;Restauracja w\u0142oska Amalia\t\t\t\t\t\t\t\t\t<\/span>\n\t\t\t\t\t\t\t\t<\/a>\n\t\t\t\t\t\t\t\t\t\t\t\t\t\t\t<\/div>\n\t\t\t\t\t\t<\/div>\n\t\t\t\t\t\t<!-- service card end -->\n\n          <\/div>\n\t\t\t\t\t\n          <div class=\"col-md-6 col-lg-4\">\n\n\t\t\t\t\t\t\n\t\t\t\t\t\t<!-- service card -->\n\t\t\t\t\t\t<div class=\"knsl-ath-card \">\n\t\t\t\t\t\t\t<div class=\"knsl-cover-frame\">\n\t\t\t\t\t\t\t\t\t\t\t\t\t\t\t\t<a href=\"\/pl\/fish-house-restaurant\/\">\n\t\t\t\t\t\t\t\t\t\t\t\t\t\t\t\t\t\t\t\t\t\t\t\t\t\t<img decoding=\"async\" src=\"https:\/\/menaville-safaga.com\/wp-content\/uploads\/2024\/09\/DSC00314-950x634.jpg\" alt=\"Restauracje i bary\">\n\t\t\t\t\t\t\t\t\t\t\t\t\t\t\t\t\t\t\t\t\t\t\t\t\t<\/a>\n\t\t\t\t\t\t\t\t\t\t\t\t\t\t\t\t\t\t\t\t\t\t\t\t<div class=\"knsl-badge\">\n\t\t\t\t\t\t\t\t\t<p class=\"mphb-price-wrapper\">\n\t\t\t\t\t\t\t\t\t\t<span class=\"mphb-price\">\n\t\t\t\t\t\t\t\t\t\t\t<span >\n\t\t\t\t\t\t\t\t\t\t\t\t$99\t\t\t\t\t\t\t\t\t\t\t<\/span>\n\t\t\t\t\t\t\t\t\t\t<\/span>\n\t\t\t\t\t\t\t\t\t\t<i >\n\t\t\t\t\t\t\t\t\t\t\t\t\t\t\t\t\t\t\t\t\t<\/i>\n\t\t\t\t\t\t\t\t\t<\/p>\n\t\t\t\t\t\t\t\t<\/div>\n\t\t\t\t\t\t\t\t\t\t\t\t\t\t\t<\/div>\n\t\t\t\t\t\t\t<div class=\"knsl-card-description\">\n\t\t\t\t\t\t\t\t\t\t\t\t\t\t\t\t<h3 class=\"knsl-mb-10\">\n\t\t\t\t\t\t\t\t\t<span >\n\t\t\t\t\t\t\t\t\t\tRestauracja Fish House\t\t\t\t\t\t\t\t\t<\/span>\n\t\t\t\t\t\t\t\t<\/h3>\n\t\t\t\t\t\t\t\t\t\t\t\t\t\t\t\t\t\t\t\t\t\t\t\t<div class=\"knsl-text knsl-text--h\">\n\t\t\t\t\t\t\t\t\t<span >\n\t\t\t\t\t\t\t\t\t\tZanurz si\u0119 w rozkoszach w Fish House\t\t\t\t\t\t\t\t\t<\/span>\n\t\t\t\t\t\t\t\t<\/div>\n\t\t\t\t\t\t\t\t\t\t\t\t\t\t\t\t\t\t\t\t\t\t\t\t<a href=\"\/pl\/fish-house-restaurant\/\" class=\"knsl-btn\">\n\t\t\t\t\t\t\t\t\t<span >\n\t\t\t\t\t\t\t\t\t\tDowiedz si\u0119 wi\u0119cej\t\t\t\t\t\t\t\t\t<\/span>\n\t\t\t\t\t\t\t\t\t<span class=\"screen-reader-text\">\n\t\t\t\t\t\t\t\t\t\tRead more&nbsp;Restauracja Fish House\t\t\t\t\t\t\t\t\t<\/span>\n\t\t\t\t\t\t\t\t<\/a>\n\t\t\t\t\t\t\t\t\t\t\t\t\t\t\t<\/div>\n\t\t\t\t\t\t<\/div>\n\t\t\t\t\t\t<!-- service card end -->\n\n          <\/div>\n\t\t\t\t\t\t\t\t\t\t\n\t\t\t\t\t        <\/div>\n      <\/div>\n    <\/section>\n    <!-- services end -->\n\n\t\t\t\t<\/div>\n\t\t\t\t<\/div>\n\t\t\t\t\t<\/div>\n\t\t<\/div>\n\t\t\t\t\t<\/div>\n\t\t<\/section>\n\t\t\t\t\t<\/div>\n\t\t<\/div>\n\t\t\t\t\t<\/div>\n\t\t<\/section>\n\t\t\t\t<section class=\"elementor-section elementor-top-section elementor-element elementor-element-2c91ba0 elementor-section-full_width elementor-section-height-default elementor-section-height-default\" data-id=\"2c91ba0\" data-element_type=\"section\">\n\t\t\t\t\t\t<div class=\"elementor-container elementor-column-gap-no\">\n\t\t\t\t\t<div class=\"elementor-column elementor-col-100 elementor-top-column elementor-element elementor-element-b50889a\" data-id=\"b50889a\" data-element_type=\"column\">\n\t\t\t<div class=\"elementor-widget-wrap elementor-element-populated\">\n\t\t\t\t\t\t<section class=\"elementor-section elementor-inner-section elementor-element elementor-element-cf01a4a elementor-section-boxed elementor-section-height-default elementor-section-height-default\" data-id=\"cf01a4a\" data-element_type=\"section\">\n\t\t\t\t\t\t<div class=\"elementor-container elementor-column-gap-default\">\n\t\t\t\t\t<div class=\"elementor-column elementor-col-100 elementor-inner-column elementor-element elementor-element-60d1723\" data-id=\"60d1723\" data-element_type=\"column\">\n\t\t\t<div class=\"elementor-widget-wrap elementor-element-populated\">\n\t\t\t\t\t\t<div class=\"elementor-element elementor-element-d52d4cf elementor-widget elementor-widget-heading\" data-id=\"d52d4cf\" data-element_type=\"widget\" data-widget_type=\"heading.default\">\n\t\t\t\t<div class=\"elementor-widget-container\">\n\t\t\t<h2 class=\"elementor-heading-title elementor-size-default\">Bary<\/h2>\t\t<\/div>\n\t\t\t\t<\/div>\n\t\t\t\t<div class=\"elementor-element elementor-element-d33720c elementor-widget__width-initial elementor-widget elementor-widget-text-editor\" data-id=\"d33720c\" data-element_type=\"widget\" data-widget_type=\"text-editor.default\">\n\t\t\t\t<div class=\"elementor-widget-container\">\n\t\t\t\t\t\t\t<p>Odpocznij i zrelaksuj si\u0119 w r\u00f3\u017cnorodnych restauracjach i barach <span class=\"error-spellcheck\" data-word=\"Menaville\" data-suggestion=\"Mena-ville|Melville|Mena ville\">Menaville<\/span> Resort, kt\u00f3re zaspokoj\u0105 ka\u017cdy gust i nastr\u00f3j. Ciesz si\u0119 ca\u0142odobowym wy\u017cywieniem dzi\u0119ki naszemu pakietowi all-inclusive, oferuj\u0105cemu r\u00f3\u017cnorodne kulinarne przysmaki.<\/p>\t\t\t\t\t\t<\/div>\n\t\t\t\t<\/div>\n\t\t\t\t<div class=\"elementor-element elementor-element-c7e6ed1 elementor-widget elementor-widget-kinsley-services-custom\" data-id=\"c7e6ed1\" data-element_type=\"widget\" data-widget_type=\"kinsley-services-custom.default\">\n\t\t\t\t<div class=\"elementor-widget-container\">\n\t\t\t\n\t\t<!-- services -->\n    <section class=\"knsl-p-0-80\">\n      <div class=\"container\">\n        <div class=\"row  attr-desc-false attr-price-false\">\n          \n\t\t\t\t\t\n\t\t\t\t\t\n          <div class=\"col-md-6 col-lg-4\">\n\n\t\t\t\t\t\t\n\t\t\t\t\t\t<!-- service card -->\n\t\t\t\t\t\t<div class=\"knsl-ath-card \">\n\t\t\t\t\t\t\t<div class=\"knsl-cover-frame\">\n\t\t\t\t\t\t\t\t\t\t\t\t\t\t\t\t<a href=\"\/pl\/cactus-bar\/\">\n\t\t\t\t\t\t\t\t\t\t\t\t\t\t\t\t\t\t\t\t\t\t\t\t\t\t<img decoding=\"async\" src=\"https:\/\/menaville-safaga.com\/wp-content\/uploads\/2024\/09\/DSC00394-950x634.jpg\" alt=\"Restauracje i bary\">\n\t\t\t\t\t\t\t\t\t\t\t\t\t\t\t\t\t\t\t\t\t\t\t\t\t<\/a>\n\t\t\t\t\t\t\t\t\t\t\t\t\t\t\t\t\t\t\t\t\t\t\t<\/div>\n\t\t\t\t\t\t\t<div class=\"knsl-card-description\">\n\t\t\t\t\t\t\t\t\t\t\t\t\t\t\t\t<h3 class=\"knsl-mb-10\">\n\t\t\t\t\t\t\t\t\t<span >\n\t\t\t\t\t\t\t\t\t\tBar Kaktusowy\t\t\t\t\t\t\t\t\t<\/span>\n\t\t\t\t\t\t\t\t<\/h3>\n\t\t\t\t\t\t\t\t\t\t\t\t\t\t\t\t\t\t\t\t\t\t\t\t<div class=\"knsl-text knsl-text--h\">\n\t\t\t\t\t\t\t\t\t<span >\n\t\t\t\t\t\t\t\t\t\tJe\u015bli szukasz odrobiny wyrafinowania, odwied\u017a Cactus Bar. Delektuj si\u0119 ulubionymi lokalnymi i importowanymi drinkami w stylowym wystroju.\t\t\t\t\t\t\t\t\t<\/span>\n\t\t\t\t\t\t\t\t<\/div>\n\t\t\t\t\t\t\t\t\t\t\t\t\t\t\t\t\t\t\t\t\t\t\t\t<a href=\"\/pl\/cactus-bar\/\" class=\"knsl-btn\">\n\t\t\t\t\t\t\t\t\t<span >\n\t\t\t\t\t\t\t\t\t\tDowiedz si\u0119 wi\u0119cej\t\t\t\t\t\t\t\t\t<\/span>\n\t\t\t\t\t\t\t\t\t<span class=\"screen-reader-text\">\n\t\t\t\t\t\t\t\t\t\tRead more&nbsp;Bar Kaktusowy\t\t\t\t\t\t\t\t\t<\/span>\n\t\t\t\t\t\t\t\t<\/a>\n\t\t\t\t\t\t\t\t\t\t\t\t\t\t\t<\/div>\n\t\t\t\t\t\t<\/div>\n\t\t\t\t\t\t<!-- service card end -->\n\n          <\/div>\n\t\t\t\t\t\n          <div class=\"col-md-6 col-lg-4\">\n\n\t\t\t\t\t\t\n\t\t\t\t\t\t<!-- service card -->\n\t\t\t\t\t\t<div class=\"knsl-ath-card \">\n\t\t\t\t\t\t\t<div class=\"knsl-cover-frame\">\n\t\t\t\t\t\t\t\t\t\t\t\t\t\t\t\t<a href=\"\/pl\/lobby-bar\/\">\n\t\t\t\t\t\t\t\t\t\t\t\t\t\t\t\t\t\t\t\t\t\t\t\t\t\t<img decoding=\"async\" src=\"https:\/\/menaville-safaga.com\/wp-content\/uploads\/2024\/07\/Img7880-copyxxokxc-950x740.jpg\" alt=\"Restauracje i bary\">\n\t\t\t\t\t\t\t\t\t\t\t\t\t\t\t\t\t\t\t\t\t\t\t\t\t<\/a>\n\t\t\t\t\t\t\t\t\t\t\t\t\t\t\t\t\t\t\t\t\t\t\t<\/div>\n\t\t\t\t\t\t\t<div class=\"knsl-card-description\">\n\t\t\t\t\t\t\t\t\t\t\t\t\t\t\t\t<h3 class=\"knsl-mb-10\">\n\t\t\t\t\t\t\t\t\t<span >\n\t\t\t\t\t\t\t\t\t\tBar w holu\t\t\t\t\t\t\t\t\t<\/span>\n\t\t\t\t\t\t\t\t<\/h3>\n\t\t\t\t\t\t\t\t\t\t\t\t\t\t\t\t\t\t\t\t\t\t\t\t<div class=\"knsl-text knsl-text--h\">\n\t\t\t\t\t\t\t\t\t<span >\n\t\t\t\t\t\t\t\t\t\tZrelaksuj si\u0119 i odpr\u0119\u017c w eleganckim otoczeniu naszego Lobby Baru. Ciesz si\u0119 szerokim wyborem lokalnych i importowanych napoj\u00f3w w spokojnej atmosferze.\t\t\t\t\t\t\t\t\t<\/span>\n\t\t\t\t\t\t\t\t<\/div>\n\t\t\t\t\t\t\t\t\t\t\t\t\t\t\t\t\t\t\t\t\t\t\t\t<a href=\"\/pl\/lobby-bar\/\" class=\"knsl-btn\">\n\t\t\t\t\t\t\t\t\t<span >\n\t\t\t\t\t\t\t\t\t\tDowiedz si\u0119 wi\u0119cej\t\t\t\t\t\t\t\t\t<\/span>\n\t\t\t\t\t\t\t\t\t<span class=\"screen-reader-text\">\n\t\t\t\t\t\t\t\t\t\tRead more&nbsp;Bar w holu\t\t\t\t\t\t\t\t\t<\/span>\n\t\t\t\t\t\t\t\t<\/a>\n\t\t\t\t\t\t\t\t\t\t\t\t\t\t\t<\/div>\n\t\t\t\t\t\t<\/div>\n\t\t\t\t\t\t<!-- service card end -->\n\n          <\/div>\n\t\t\t\t\t\n          <div class=\"col-md-6 col-lg-4\">\n\n\t\t\t\t\t\t\n\t\t\t\t\t\t<!-- service card -->\n\t\t\t\t\t\t<div class=\"knsl-ath-card \">\n\t\t\t\t\t\t\t<div class=\"knsl-cover-frame\">\n\t\t\t\t\t\t\t\t\t\t\t\t\t\t\t\t<a href=\"\/pl\/beach-bar\/\">\n\t\t\t\t\t\t\t\t\t\t\t\t\t\t\t\t\t\t\t\t\t\t\t\t\t\t<img decoding=\"async\" src=\"https:\/\/menaville-safaga.com\/wp-content\/uploads\/2024\/09\/DSC09768-1-950x634.jpg\" alt=\"Restauracje i bary\">\n\t\t\t\t\t\t\t\t\t\t\t\t\t\t\t\t\t\t\t\t\t\t\t\t\t<\/a>\n\t\t\t\t\t\t\t\t\t\t\t\t\t\t\t\t\t\t\t\t\t\t\t<\/div>\n\t\t\t\t\t\t\t<div class=\"knsl-card-description\">\n\t\t\t\t\t\t\t\t\t\t\t\t\t\t\t\t<h3 class=\"knsl-mb-10\">\n\t\t\t\t\t\t\t\t\t<span >\n\t\t\t\t\t\t\t\t\t\tBar na pla\u017cy\t\t\t\t\t\t\t\t\t<\/span>\n\t\t\t\t\t\t\t\t<\/h3>\n\t\t\t\t\t\t\t\t\t\t\t\t\t\t\t\t\t\t\t\t\t\t\t\t<div class=\"knsl-text knsl-text--h\">\n\t\t\t\t\t\t\t\t\t<span >\n\t\t\t\t\t\t\t\t\t\tPodziwiaj zapieraj\u0105ce dech w piersiach widoki na morze, popijaj\u0105c gor\u0105ce lub zimne napoje, w tym lokalne piwa i wina, w naszym wygodnym Beach Barze.\t\t\t\t\t\t\t\t\t<\/span>\n\t\t\t\t\t\t\t\t<\/div>\n\t\t\t\t\t\t\t\t\t\t\t\t\t\t\t\t\t\t\t\t\t\t\t\t<a href=\"\/pl\/beach-bar\/\" class=\"knsl-btn\">\n\t\t\t\t\t\t\t\t\t<span >\n\t\t\t\t\t\t\t\t\t\tDowiedz si\u0119 wi\u0119cej\t\t\t\t\t\t\t\t\t<\/span>\n\t\t\t\t\t\t\t\t\t<span class=\"screen-reader-text\">\n\t\t\t\t\t\t\t\t\t\tRead more&nbsp;Bar na pla\u017cy\t\t\t\t\t\t\t\t\t<\/span>\n\t\t\t\t\t\t\t\t<\/a>\n\t\t\t\t\t\t\t\t\t\t\t\t\t\t\t<\/div>\n\t\t\t\t\t\t<\/div>\n\t\t\t\t\t\t<!-- service card end -->\n\n          <\/div>\n\t\t\t\t\t\n          <div class=\"col-md-6 col-lg-4\">\n\n\t\t\t\t\t\t\n\t\t\t\t\t\t<!-- service card -->\n\t\t\t\t\t\t<div class=\"knsl-ath-card  knsl-scroll-animation\">\n\t\t\t\t\t\t\t<div class=\"knsl-cover-frame\">\n\t\t\t\t\t\t\t\t\t\t\t\t\t\t\t\t<a href=\"\/pl\/shisha-bar\/\">\n\t\t\t\t\t\t\t\t\t\t\t\t\t\t\t\t\t\t\t\t\t\t\t\t\t\t<img decoding=\"async\" src=\"https:\/\/menaville-safaga.com\/wp-content\/uploads\/2021\/12\/Img7853-950x633.jpg\" alt=\"Restauracje i bary\">\n\t\t\t\t\t\t\t\t\t\t\t\t\t\t\t\t\t\t\t\t\t\t\t\t\t<\/a>\n\t\t\t\t\t\t\t\t\t\t\t\t\t\t\t\t\t\t\t\t\t\t\t<\/div>\n\t\t\t\t\t\t\t<div class=\"knsl-card-description\">\n\t\t\t\t\t\t\t\t\t\t\t\t\t\t\t\t<h3 class=\"knsl-mb-10\">\n\t\t\t\t\t\t\t\t\t<span >\n\t\t\t\t\t\t\t\t\t\tBar shisha\t\t\t\t\t\t\t\t\t<\/span>\n\t\t\t\t\t\t\t\t<\/h3>\n\t\t\t\t\t\t\t\t\t\t\t\t\t\t\t\t\t\t\t\t\t\t\t\t<div class=\"knsl-text knsl-text--h\">\n\t\t\t\t\t\t\t\t\t<span >\n\t\t\t\t\t\t\t\t\t\tZanurz si\u0119 w orientalnym klimacie naszego Shisha Baru. Ciesz si\u0119 tradycyjn\u0105 fajk\u0105 wodn\u0105 (Shisha) w po\u0142\u0105czeniu z ulubionym napojem, s\u0142uchaj\u0105c mieszanki muzyki orientalnej i zachodniej\t\t\t\t\t\t\t\t\t<\/span>\n\t\t\t\t\t\t\t\t<\/div>\n\t\t\t\t\t\t\t\t\t\t\t\t\t\t\t\t\t\t\t\t\t\t\t\t<a href=\"\/pl\/shisha-bar\/\" class=\"knsl-btn\">\n\t\t\t\t\t\t\t\t\t<span >\n\t\t\t\t\t\t\t\t\t\tDowiedz si\u0119 wi\u0119cej\t\t\t\t\t\t\t\t\t<\/span>\n\t\t\t\t\t\t\t\t\t<span class=\"screen-reader-text\">\n\t\t\t\t\t\t\t\t\t\tRead more&nbsp;Bar shisha\t\t\t\t\t\t\t\t\t<\/span>\n\t\t\t\t\t\t\t\t<\/a>\n\t\t\t\t\t\t\t\t\t\t\t\t\t\t\t<\/div>\n\t\t\t\t\t\t<\/div>\n\t\t\t\t\t\t<!-- service card end -->\n\n          <\/div>\n\t\t\t\t\t\n          <div class=\"col-md-6 col-lg-4\">\n\n\t\t\t\t\t\t\n\t\t\t\t\t\t<!-- service card -->\n\t\t\t\t\t\t<div class=\"knsl-ath-card  knsl-scroll-animation\">\n\t\t\t\t\t\t\t<div class=\"knsl-cover-frame\">\n\t\t\t\t\t\t\t\t\t\t\t\t\t\t\t\t<a href=\"\/pl\/pool-bar\/\">\n\t\t\t\t\t\t\t\t\t\t\t\t\t\t\t\t\t\t\t\t\t\t\t\t\t\t<img decoding=\"async\" src=\"https:\/\/menaville-safaga.com\/wp-content\/uploads\/2024\/08\/AJ3A7106-950x633.jpg\" alt=\"Restauracje i bary\">\n\t\t\t\t\t\t\t\t\t\t\t\t\t\t\t\t\t\t\t\t\t\t\t\t\t<\/a>\n\t\t\t\t\t\t\t\t\t\t\t\t\t\t\t\t\t\t\t\t\t\t\t<\/div>\n\t\t\t\t\t\t\t<div class=\"knsl-card-description\">\n\t\t\t\t\t\t\t\t\t\t\t\t\t\t\t\t<h3 class=\"knsl-mb-10\">\n\t\t\t\t\t\t\t\t\t<span >\n\t\t\t\t\t\t\t\t\t\tBar przy basenie\t\t\t\t\t\t\t\t\t<\/span>\n\t\t\t\t\t\t\t\t<\/h3>\n\t\t\t\t\t\t\t\t\t\t\t\t\t\t\t\t\t\t\t\t\t\t\t\t\t\t\t\t\t\t\t\t<a href=\"\/pl\/pool-bar\/\" class=\"knsl-btn\">\n\t\t\t\t\t\t\t\t\t<span >\n\t\t\t\t\t\t\t\t\t\tPrzeczytaj wi\u0119cej\t\t\t\t\t\t\t\t\t<\/span>\n\t\t\t\t\t\t\t\t\t<span class=\"screen-reader-text\">\n\t\t\t\t\t\t\t\t\t\tRead more&nbsp;Bar przy basenie\t\t\t\t\t\t\t\t\t<\/span>\n\t\t\t\t\t\t\t\t<\/a>\n\t\t\t\t\t\t\t\t\t\t\t\t\t\t\t<\/div>\n\t\t\t\t\t\t<\/div>\n\t\t\t\t\t\t<!-- service card end -->\n\n          <\/div>\n\t\t\t\t\t\t\t\t\t\t\n\t\t\t\t\t        <\/div>\n      <\/div>\n    <\/section>\n    <!-- services end -->\n\n\t\t\t\t<\/div>\n\t\t\t\t<\/div>\n\t\t\t\t\t<\/div>\n\t\t<\/div>\n\t\t\t\t\t<\/div>\n\t\t<\/section>\n\t\t\t\t\t<\/div>\n\t\t<\/div>\n\t\t\t\t\t<\/div>\n\t\t<\/section>\n\t\t\t\t<\/div>\n\t\t","protected":false},"excerpt":{"rendered":"<p>Restauracje i bary Najlepsze doznania kulinarne w naszej hotelowej restauracji i barze Home Restauracje Odpocznij i zrelaksuj si\u0119 w r\u00f3\u017cnorodnych&#8230; <span class=\"knsl-el-more\"><a href=\"https:\/\/menaville-safaga.com\/pl\/restaurants-bars\/\" class=\"knsl-btn\">Read more<span class=\"screen-reader-text\">Read more&nbsp;Restauracje i bary<\/span><\/a><\/span><\/p>\n","protected":false},"author":1,"featured_media":10828,"parent":0,"menu_order":0,"comment_status":"closed","ping_status":"closed","template":"template-layout-builder.php","meta":{"_acf_changed":false,"_monsterinsights_skip_tracking":false,"_monsterinsights_sitenote_active":false,"_monsterinsights_sitenote_note":"","_monsterinsights_sitenote_category":0,"footnotes":""},"class_list":["post-10885","page","type-page","status-publish","has-post-thumbnail","hentry"],"acf":[],"aioseo_notices":[],"_links":{"self":[{"href":"https:\/\/menaville-safaga.com\/pl\/wp-json\/wp\/v2\/pages\/10885","targetHints":{"allow":["GET"]}}],"collection":[{"href":"https:\/\/menaville-safaga.com\/pl\/wp-json\/wp\/v2\/pages"}],"about":[{"href":"https:\/\/menaville-safaga.com\/pl\/wp-json\/wp\/v2\/types\/page"}],"author":[{"embeddable":true,"href":"https:\/\/menaville-safaga.com\/pl\/wp-json\/wp\/v2\/users\/1"}],"replies":[{"embeddable":true,"href":"https:\/\/menaville-safaga.com\/pl\/wp-json\/wp\/v2\/comments?post=10885"}],"version-history":[{"count":10,"href":"https:\/\/menaville-safaga.com\/pl\/wp-json\/wp\/v2\/pages\/10885\/revisions"}],"predecessor-version":[{"id":36802,"href":"https:\/\/menaville-safaga.com\/pl\/wp-json\/wp\/v2\/pages\/10885\/revisions\/36802"}],"wp:featuredmedia":[{"embeddable":true,"href":"https:\/\/menaville-safaga.com\/pl\/wp-json\/wp\/v2\/media\/10828"}],"wp:attachment":[{"href":"https:\/\/menaville-safaga.com\/pl\/wp-json\/wp\/v2\/media?parent=10885"}],"curies":[{"name":"wp","href":"https:\/\/api.w.org\/{rel}","templated":true}]}}