{"id":11223,"date":"2021-12-11T13:10:51","date_gmt":"2021-12-11T13:10:51","guid":{"rendered":"https:\/\/menaville-safaga.com\/main-restaurant\/"},"modified":"2024-10-04T19:57:15","modified_gmt":"2024-10-04T19:57:15","slug":"main-restaurant","status":"publish","type":"page","link":"https:\/\/menaville-safaga.com\/fr\/main-restaurant\/","title":{"rendered":"Restaurant Principal"},"content":{"rendered":"\t\t<div data-elementor-type=\"wp-page\" data-elementor-id=\"11223\" class=\"elementor elementor-11223 elementor-8612\">\n\t\t\t\t\t\t<section class=\"elementor-section elementor-top-section elementor-element elementor-element-ca6d065 elementor-section-full_width elementor-section-height-default elementor-section-height-default\" data-id=\"ca6d065\" data-element_type=\"section\">\n\t\t\t\t\t\t<div class=\"elementor-container elementor-column-gap-no\">\n\t\t\t\t\t<div class=\"elementor-column elementor-col-100 elementor-top-column elementor-element elementor-element-eee7acd\" data-id=\"eee7acd\" data-element_type=\"column\">\n\t\t\t<div class=\"elementor-widget-wrap elementor-element-populated\">\n\t\t\t\t\t\t<div class=\"elementor-element elementor-element-1db2167 elementor-widget elementor-widget-kinsley-intro\" data-id=\"1db2167\" data-element_type=\"widget\" data-widget_type=\"kinsley-intro.default\">\n\t\t\t\t<div class=\"elementor-widget-container\">\n\t\t\t\n    <!-- banner -->\n    <section class=\"knsl-banner-simple knsl-banner-white\">\n      \n\t  \t  <div class=\"knsl-cover-frame\">\n\t\t\t\t\t\t<div style=\"background-image: url('https:\/\/menaville-safaga.com\/wp-content\/uploads\/2024\/07\/Cover.jpg');\" class=\"knsl-parallax knsl-banner-slide\"><\/div>\n\t\t\t\t\t\t\t\t\t  <\/div>\n\t  <div class=\"knsl-overlay\" style=\"opacity: 0.5;\"><\/div>\n\t  \n      <div class=\"container\">\n        <div class=\"row\">\n          <div class=\"col-lg-12\">\n\n            <div class=\"knsl-center knsl-title-frame title-pos-top\">\n                            <h1 class=\"knsl-title--h knsl-mb-20 knsl-h1-inner\">\n                <span >\n                    Restaurant Principal                <\/span>\n              <\/h1>\n                            \n              <ul class=\"knsl-breadcrumbs\"><li><a href=\"https:\/\/menaville-safaga.com\/fr\/\" title=\"Menaville Safaga\">Home<\/a><\/li><li class=\"tst-active\"><a><\/a><\/li><\/ul>\n            <\/div>\n\n          <\/div>\n        <\/div>\n      <\/div>\n    <\/section>\n    <!-- banner end -->\n\n\t\t\t\t<\/div>\n\t\t\t\t<\/div>\n\t\t\t\t\t<\/div>\n\t\t<\/div>\n\t\t\t\t\t<\/div>\n\t\t<\/section>\n\t\t\t\t<section class=\"elementor-section elementor-top-section elementor-element elementor-element-70fb8c7 elementor-section-full_width elementor-section-height-default elementor-section-height-default\" data-id=\"70fb8c7\" data-element_type=\"section\">\n\t\t\t\t\t\t<div class=\"elementor-container elementor-column-gap-no\">\n\t\t\t\t\t<div class=\"elementor-column elementor-col-100 elementor-top-column elementor-element elementor-element-08421b4\" data-id=\"08421b4\" data-element_type=\"column\">\n\t\t\t<div class=\"elementor-widget-wrap elementor-element-populated\">\n\t\t\t\t\t\t<section class=\"elementor-section elementor-inner-section elementor-element elementor-element-e832092 elementor-section-boxed elementor-section-height-default elementor-section-height-default\" data-id=\"e832092\" data-element_type=\"section\">\n\t\t\t\t\t\t<div class=\"elementor-container elementor-column-gap-default\">\n\t\t\t\t\t<div class=\"elementor-column elementor-col-100 elementor-inner-column elementor-element elementor-element-5cccbf7\" data-id=\"5cccbf7\" data-element_type=\"column\">\n\t\t\t<div class=\"elementor-widget-wrap elementor-element-populated\">\n\t\t\t\t\t\t<div class=\"elementor-element elementor-element-f3b932b elementor-widget__width-initial elementor-widget elementor-widget-heading\" data-id=\"f3b932b\" data-element_type=\"widget\" data-widget_type=\"heading.default\">\n\t\t\t\t<div class=\"elementor-widget-container\">\n\t\t\t<h3 class=\"elementor-heading-title elementor-size-default\">Embarquez pour une aventure culinaire mondiale au restaurant principal de Menaville<\/h3>\t\t<\/div>\n\t\t\t\t<\/div>\n\t\t\t\t<div class=\"elementor-element elementor-element-069d5a4 elementor-widget__width-initial elementor-widget elementor-widget-text-editor\" data-id=\"069d5a4\" data-element_type=\"widget\" data-widget_type=\"text-editor.default\">\n\t\t\t\t<div class=\"elementor-widget-container\">\n\t\t\t\t\t\t\tLe restaurant principal du Menaville Safaga vous invite \u00e0 une d\u00e9licieuse d\u00e9couverte des saveurs internationales et \u00e9gyptiennes. Nos g\u00e9n\u00e9reux buffets ouverts, disponibles pour le petit-d\u00e9jeuner, le d\u00e9jeuner et le d\u00eener, sauront satisfaire tous les palais.\t\t\t\t\t\t<\/div>\n\t\t\t\t<\/div>\n\t\t\t\t\t<\/div>\n\t\t<\/div>\n\t\t\t\t\t<\/div>\n\t\t<\/section>\n\t\t\t\t<div class=\"elementor-element elementor-element-dfb9575 elementor-arrows-position-inside elementor-widget elementor-widget-image-carousel\" data-id=\"dfb9575\" data-element_type=\"widget\" data-settings=\"{&quot;slides_to_show&quot;:&quot;2&quot;,&quot;navigation&quot;:&quot;arrows&quot;,&quot;autoplay&quot;:&quot;yes&quot;,&quot;pause_on_hover&quot;:&quot;yes&quot;,&quot;pause_on_interaction&quot;:&quot;yes&quot;,&quot;autoplay_speed&quot;:5000,&quot;infinite&quot;:&quot;yes&quot;,&quot;speed&quot;:500,&quot;image_spacing_custom&quot;:{&quot;unit&quot;:&quot;px&quot;,&quot;size&quot;:20,&quot;sizes&quot;:[]},&quot;image_spacing_custom_tablet&quot;:{&quot;unit&quot;:&quot;px&quot;,&quot;size&quot;:&quot;&quot;,&quot;sizes&quot;:[]},&quot;image_spacing_custom_mobile&quot;:{&quot;unit&quot;:&quot;px&quot;,&quot;size&quot;:&quot;&quot;,&quot;sizes&quot;:[]}}\" data-widget_type=\"image-carousel.default\">\n\t\t\t\t<div class=\"elementor-widget-container\">\n\t\t\t\t\t<div class=\"elementor-image-carousel-wrapper swiper\" dir=\"ltr\">\n\t\t\t<div class=\"elementor-image-carousel swiper-wrapper\" aria-live=\"off\">\n\t\t\t\t\t\t\t\t<div class=\"swiper-slide\" role=\"group\" aria-roledescription=\"slide\" aria-label=\"1 sur 5\"><a data-elementor-open-lightbox=\"yes\" data-elementor-lightbox-slideshow=\"dfb9575\" data-elementor-lightbox-title=\"1\" data-e-action-hash=\"#elementor-action%3Aaction%3Dlightbox%26settings%3DeyJpZCI6ODUzMSwidXJsIjoiaHR0cHM6XC9cL21lbmF2aWxsZS1zYWZhZ2EuY29tXC93cC1jb250ZW50XC91cGxvYWRzXC8yMDI0XC8wN1wvMS5qcGciLCJzbGlkZXNob3ciOiJkZmI5NTc1In0%3D\" href=\"https:\/\/menaville-safaga.com\/wp-content\/uploads\/2024\/07\/1.jpg\"><figure class=\"swiper-slide-inner\"><img decoding=\"async\" class=\"swiper-slide-image\" src=\"https:\/\/menaville-safaga.com\/wp-content\/uploads\/2024\/07\/1.jpg\" alt=\"1\" \/><\/figure><\/a><\/div><div class=\"swiper-slide\" role=\"group\" aria-roledescription=\"slide\" aria-label=\"2 sur 5\"><a data-elementor-open-lightbox=\"yes\" data-elementor-lightbox-slideshow=\"dfb9575\" data-elementor-lightbox-title=\"2\" data-e-action-hash=\"#elementor-action%3Aaction%3Dlightbox%26settings%3DeyJpZCI6ODUzMiwidXJsIjoiaHR0cHM6XC9cL21lbmF2aWxsZS1zYWZhZ2EuY29tXC93cC1jb250ZW50XC91cGxvYWRzXC8yMDI0XC8wN1wvMi5qcGciLCJzbGlkZXNob3ciOiJkZmI5NTc1In0%3D\" href=\"https:\/\/menaville-safaga.com\/wp-content\/uploads\/2024\/07\/2.jpg\"><figure class=\"swiper-slide-inner\"><img decoding=\"async\" class=\"swiper-slide-image\" src=\"https:\/\/menaville-safaga.com\/wp-content\/uploads\/2024\/07\/2.jpg\" alt=\"2\" \/><\/figure><\/a><\/div><div class=\"swiper-slide\" role=\"group\" aria-roledescription=\"slide\" aria-label=\"3 sur 5\"><a data-elementor-open-lightbox=\"yes\" data-elementor-lightbox-slideshow=\"dfb9575\" data-elementor-lightbox-title=\"3\" data-e-action-hash=\"#elementor-action%3Aaction%3Dlightbox%26settings%3DeyJpZCI6ODUzMywidXJsIjoiaHR0cHM6XC9cL21lbmF2aWxsZS1zYWZhZ2EuY29tXC93cC1jb250ZW50XC91cGxvYWRzXC8yMDI0XC8wN1wvMy5qcGciLCJzbGlkZXNob3ciOiJkZmI5NTc1In0%3D\" href=\"https:\/\/menaville-safaga.com\/wp-content\/uploads\/2024\/07\/3.jpg\"><figure class=\"swiper-slide-inner\"><img decoding=\"async\" class=\"swiper-slide-image\" src=\"https:\/\/menaville-safaga.com\/wp-content\/uploads\/2024\/07\/3.jpg\" alt=\"3\" \/><\/figure><\/a><\/div><div class=\"swiper-slide\" role=\"group\" aria-roledescription=\"slide\" aria-label=\"4 sur 5\"><a data-elementor-open-lightbox=\"yes\" data-elementor-lightbox-slideshow=\"dfb9575\" data-elementor-lightbox-title=\"4\" data-e-action-hash=\"#elementor-action%3Aaction%3Dlightbox%26settings%3DeyJpZCI6ODUzNCwidXJsIjoiaHR0cHM6XC9cL21lbmF2aWxsZS1zYWZhZ2EuY29tXC93cC1jb250ZW50XC91cGxvYWRzXC8yMDI0XC8wN1wvNC5qcGciLCJzbGlkZXNob3ciOiJkZmI5NTc1In0%3D\" href=\"https:\/\/menaville-safaga.com\/wp-content\/uploads\/2024\/07\/4.jpg\"><figure class=\"swiper-slide-inner\"><img decoding=\"async\" class=\"swiper-slide-image\" src=\"https:\/\/menaville-safaga.com\/wp-content\/uploads\/2024\/07\/4.jpg\" alt=\"4\" \/><\/figure><\/a><\/div><div class=\"swiper-slide\" role=\"group\" aria-roledescription=\"slide\" aria-label=\"5 sur 5\"><a data-elementor-open-lightbox=\"yes\" data-elementor-lightbox-slideshow=\"dfb9575\" data-elementor-lightbox-title=\"5\" data-e-action-hash=\"#elementor-action%3Aaction%3Dlightbox%26settings%3DeyJpZCI6ODUzNSwidXJsIjoiaHR0cHM6XC9cL21lbmF2aWxsZS1zYWZhZ2EuY29tXC93cC1jb250ZW50XC91cGxvYWRzXC8yMDI0XC8wN1wvNS5qcGciLCJzbGlkZXNob3ciOiJkZmI5NTc1In0%3D\" href=\"https:\/\/menaville-safaga.com\/wp-content\/uploads\/2024\/07\/5.jpg\"><figure class=\"swiper-slide-inner\"><img decoding=\"async\" class=\"swiper-slide-image\" src=\"https:\/\/menaville-safaga.com\/wp-content\/uploads\/2024\/07\/5.jpg\" alt=\"5\" \/><\/figure><\/a><\/div>\t\t\t<\/div>\n\t\t\t\t\t\t\t\t\t\t\t\t<div class=\"elementor-swiper-button elementor-swiper-button-prev\" role=\"button\" tabindex=\"0\">\n\t\t\t\t\t\t<svg aria-hidden=\"true\" class=\"e-font-icon-svg e-eicon-chevron-left\" viewBox=\"0 0 1000 1000\" xmlns=\"http:\/\/www.w3.org\/2000\/svg\"><path d=\"M646 125C629 125 613 133 604 142L308 442C296 454 292 471 292 487 292 504 296 521 308 533L604 854C617 867 629 875 646 875 663 875 679 871 692 858 704 846 713 829 713 812 713 796 708 779 692 767L438 487 692 225C700 217 708 204 708 187 708 171 704 154 692 142 675 129 663 125 646 125Z\"><\/path><\/svg>\t\t\t\t\t<\/div>\n\t\t\t\t\t<div class=\"elementor-swiper-button elementor-swiper-button-next\" role=\"button\" tabindex=\"0\">\n\t\t\t\t\t\t<svg aria-hidden=\"true\" class=\"e-font-icon-svg e-eicon-chevron-right\" viewBox=\"0 0 1000 1000\" xmlns=\"http:\/\/www.w3.org\/2000\/svg\"><path d=\"M696 533C708 521 713 504 713 487 713 471 708 454 696 446L400 146C388 133 375 125 354 125 338 125 325 129 313 142 300 154 292 171 292 187 292 204 296 221 308 233L563 492 304 771C292 783 288 800 288 817 288 833 296 850 308 863 321 871 338 875 354 875 371 875 388 867 400 854L696 533Z\"><\/path><\/svg>\t\t\t\t\t<\/div>\n\t\t\t\t\n\t\t\t\t\t\t\t\t\t<\/div>\n\t\t\t\t<\/div>\n\t\t\t\t<\/div>\n\t\t\t\t\t<\/div>\n\t\t<\/div>\n\t\t\t\t\t<\/div>\n\t\t<\/section>\n\t\t\t\t<section class=\"elementor-section elementor-top-section elementor-element elementor-element-08b5114 elementor-section-full_width elementor-section-height-default elementor-section-height-default\" data-id=\"08b5114\" data-element_type=\"section\">\n\t\t\t\t\t\t<div class=\"elementor-container elementor-column-gap-no\">\n\t\t\t\t\t<div class=\"elementor-column elementor-col-100 elementor-top-column elementor-element elementor-element-bf59f0e\" data-id=\"bf59f0e\" data-element_type=\"column\">\n\t\t\t<div class=\"elementor-widget-wrap elementor-element-populated\">\n\t\t\t\t\t\t<section class=\"elementor-section elementor-inner-section elementor-element elementor-element-94e39e4 elementor-section-boxed elementor-section-height-default elementor-section-height-default\" data-id=\"94e39e4\" data-element_type=\"section\">\n\t\t\t\t\t\t<div class=\"elementor-container elementor-column-gap-default\">\n\t\t\t\t\t<div class=\"elementor-column elementor-col-100 elementor-inner-column elementor-element elementor-element-2adc980\" data-id=\"2adc980\" data-element_type=\"column\">\n\t\t\t<div class=\"elementor-widget-wrap elementor-element-populated\">\n\t\t\t\t\t\t<div class=\"elementor-element elementor-element-62c144a elementor-widget elementor-widget-heading\" data-id=\"62c144a\" data-element_type=\"widget\" data-widget_type=\"heading.default\">\n\t\t\t\t<div class=\"elementor-widget-container\">\n\t\t\t<h3 class=\"elementor-heading-title elementor-size-default\">Un monde de d\u00e9lices culinaires vous attend<\/h3>\t\t<\/div>\n\t\t\t\t<\/div>\n\t\t\t\t\t<\/div>\n\t\t<\/div>\n\t\t\t\t\t<\/div>\n\t\t<\/section>\n\t\t\t\t\t<\/div>\n\t\t<\/div>\n\t\t\t\t\t<\/div>\n\t\t<\/section>\n\t\t<div class=\"elementor-element elementor-element-9410c5e e-flex e-con-boxed e-con e-parent\" data-id=\"9410c5e\" data-element_type=\"container\">\n\t\t\t\t\t<div class=\"e-con-inner\">\n\t\t<div class=\"elementor-element elementor-element-d24acb8 e-con-full e-flex e-con e-child\" data-id=\"d24acb8\" data-element_type=\"container\">\n\t\t\t\t<div class=\"elementor-element elementor-element-0296102 elementor-widget elementor-widget-heading\" data-id=\"0296102\" data-element_type=\"widget\" data-widget_type=\"heading.default\">\n\t\t\t\t<div class=\"elementor-widget-container\">\n\t\t\t<h4 class=\"elementor-heading-title elementor-size-default\">Bonanza du petit-d\u00e9jeuner<\/h4>\t\t<\/div>\n\t\t\t\t<\/div>\n\t\t\t\t<div class=\"elementor-element elementor-element-5bda4f9 elementor-widget elementor-widget-text-editor\" data-id=\"5bda4f9\" data-element_type=\"widget\" data-widget_type=\"text-editor.default\">\n\t\t\t\t<div class=\"elementor-widget-container\">\n\t\t\t\t\t\t\t<p>Alimentez votre journ\u00e9e avec une s\u00e9lection dynamique d&#8217;options de petit-d\u00e9jeuner, comprenant des classiques internationaux et des plats locaux.<\/p>\t\t\t\t\t\t<\/div>\n\t\t\t\t<\/div>\n\t\t\t\t<\/div>\n\t\t<div class=\"elementor-element elementor-element-144a88a e-con-full e-flex e-con e-child\" data-id=\"144a88a\" data-element_type=\"container\">\n\t\t\t\t<div class=\"elementor-element elementor-element-3dfd346 elementor-widget elementor-widget-heading\" data-id=\"3dfd346\" data-element_type=\"widget\" data-widget_type=\"heading.default\">\n\t\t\t\t<div class=\"elementor-widget-container\">\n\t\t\t<h4 class=\"elementor-heading-title elementor-size-default\">L'heure du d\u00e9jeuner<\/h4>\t\t<\/div>\n\t\t\t\t<\/div>\n\t\t\t\t<div class=\"elementor-element elementor-element-42aef92 elementor-widget elementor-widget-text-editor\" data-id=\"42aef92\" data-element_type=\"widget\" data-widget_type=\"text-editor.default\">\n\t\t\t\t<div class=\"elementor-widget-container\">\n\t\t\t\t\t\t\t<p>Offrez-vous un festin de midi avec notre copieux buffet de d\u00e9jeuner, proposant un \u00e9ventail vari\u00e9 de plats internationaux et de sp\u00e9cialit\u00e9s \u00e9gyptiennes.<\/p>\t\t\t\t\t\t<\/div>\n\t\t\t\t<\/div>\n\t\t\t\t<\/div>\n\t\t\t\t\t<\/div>\n\t\t\t\t<\/div>\n\t\t<div class=\"elementor-element elementor-element-552618f e-flex e-con-boxed e-con e-parent\" data-id=\"552618f\" data-element_type=\"container\">\n\t\t\t\t\t<div class=\"e-con-inner\">\n\t\t<div class=\"elementor-element elementor-element-7364529 e-con-full e-flex e-con e-child\" data-id=\"7364529\" data-element_type=\"container\">\n\t\t\t\t<div class=\"elementor-element elementor-element-51f4e4e elementor-widget elementor-widget-heading\" data-id=\"51f4e4e\" data-element_type=\"widget\" data-widget_type=\"heading.default\">\n\t\t\t\t<div class=\"elementor-widget-container\">\n\t\t\t<h4 class=\"elementor-heading-title elementor-size-default\">D\u00e9lices du d\u00eener<\/h4>\t\t<\/div>\n\t\t\t\t<\/div>\n\t\t\t\t<div class=\"elementor-element elementor-element-6847da9 elementor-widget elementor-widget-text-editor\" data-id=\"6847da9\" data-element_type=\"widget\" data-widget_type=\"text-editor.default\">\n\t\t\t\t<div class=\"elementor-widget-container\">\n\t\t\t\t\t\t\tTerminez votre journ\u00e9e par un d\u00eener d\u00e9licieux. Explorez un monde de saveurs gr\u00e2ce \u00e0 notre buffet soigneusement organis\u00e9, mettant en vedette des sp\u00e9cialit\u00e9s internationales et le riche patrimoine culinaire de l&#8217;\u00c9gypte.\t\t\t\t\t\t<\/div>\n\t\t\t\t<\/div>\n\t\t\t\t<\/div>\n\t\t<div class=\"elementor-element elementor-element-e3ab37b e-con-full e-flex e-con e-child\" data-id=\"e3ab37b\" data-element_type=\"container\">\n\t\t\t\t<div class=\"elementor-element elementor-element-3a8b9d6 elementor-widget elementor-widget-heading\" data-id=\"3a8b9d6\" data-element_type=\"widget\" data-widget_type=\"heading.default\">\n\t\t\t\t<div class=\"elementor-widget-container\">\n\t\t\t<h4 class=\"elementor-heading-title elementor-size-default\">Extravagance du buffet ouvert<\/h4>\t\t<\/div>\n\t\t\t\t<\/div>\n\t\t\t\t<div class=\"elementor-element elementor-element-6cad076 elementor-widget elementor-widget-text-editor\" data-id=\"6cad076\" data-element_type=\"widget\" data-widget_type=\"text-editor.default\">\n\t\t\t\t<div class=\"elementor-widget-container\">\n\t\t\t\t\t\t\t<p>Profitez de la commodit\u00e9 et de la libert\u00e9 de choix avec notre format buffet ouvert, vous permettant de go\u00fbter une vari\u00e9t\u00e9 de plats et de d\u00e9couvrir de nouveaux favoris.<\/p>\t\t\t\t\t\t<\/div>\n\t\t\t\t<\/div>\n\t\t\t\t<\/div>\n\t\t\t\t\t<\/div>\n\t\t\t\t<\/div>\n\t\t\t\t<\/div>\n\t\t","protected":false},"excerpt":{"rendered":"<p>Restaurant Principal Home Embarquez pour une aventure culinaire mondiale au restaurant principal de Menaville Le restaurant principal du Menaville Safaga&#8230; <span class=\"knsl-el-more\"><a href=\"https:\/\/menaville-safaga.com\/fr\/main-restaurant\/\" class=\"knsl-btn\">Read more<span class=\"screen-reader-text\">Read more&nbsp;Restaurant Principal<\/span><\/a><\/span><\/p>\n","protected":false},"author":1,"featured_media":11211,"parent":0,"menu_order":0,"comment_status":"closed","ping_status":"closed","template":"template-layout-builder.php","meta":{"_acf_changed":false,"_monsterinsights_skip_tracking":false,"_monsterinsights_sitenote_active":false,"_monsterinsights_sitenote_note":"","_monsterinsights_sitenote_category":0,"footnotes":""},"class_list":["post-11223","page","type-page","status-publish","has-post-thumbnail","hentry"],"acf":[],"aioseo_notices":[],"_links":{"self":[{"href":"https:\/\/menaville-safaga.com\/fr\/wp-json\/wp\/v2\/pages\/11223","targetHints":{"allow":["GET"]}}],"collection":[{"href":"https:\/\/menaville-safaga.com\/fr\/wp-json\/wp\/v2\/pages"}],"about":[{"href":"https:\/\/menaville-safaga.com\/fr\/wp-json\/wp\/v2\/types\/page"}],"author":[{"embeddable":true,"href":"https:\/\/menaville-safaga.com\/fr\/wp-json\/wp\/v2\/users\/1"}],"replies":[{"embeddable":true,"href":"https:\/\/menaville-safaga.com\/fr\/wp-json\/wp\/v2\/comments?post=11223"}],"version-history":[{"count":20,"href":"https:\/\/menaville-safaga.com\/fr\/wp-json\/wp\/v2\/pages\/11223\/revisions"}],"predecessor-version":[{"id":35982,"href":"https:\/\/menaville-safaga.com\/fr\/wp-json\/wp\/v2\/pages\/11223\/revisions\/35982"}],"wp:featuredmedia":[{"embeddable":true,"href":"https:\/\/menaville-safaga.com\/fr\/wp-json\/wp\/v2\/media\/11211"}],"wp:attachment":[{"href":"https:\/\/menaville-safaga.com\/fr\/wp-json\/wp\/v2\/media?parent=11223"}],"curies":[{"name":"wp","href":"https:\/\/api.w.org\/{rel}","templated":true}]}}