{"id":11190,"date":"2021-12-11T13:10:51","date_gmt":"2021-12-11T13:10:51","guid":{"rendered":"https:\/\/menaville-safaga.com\/fish-house-restaurant\/"},"modified":"2024-10-04T20:03:39","modified_gmt":"2024-10-04T20:03:39","slug":"restaurant-fish-house","status":"publish","type":"page","link":"https:\/\/menaville-safaga.com\/fr\/restaurant-fish-house\/","title":{"rendered":"Restaurant Fish House"},"content":{"rendered":"\t\t<div data-elementor-type=\"wp-page\" data-elementor-id=\"11190\" class=\"elementor elementor-11190 elementor-8488\">\n\t\t\t\t\t\t<section class=\"elementor-section elementor-top-section elementor-element elementor-element-ca6d065 elementor-section-full_width elementor-section-height-default elementor-section-height-default\" data-id=\"ca6d065\" data-element_type=\"section\">\n\t\t\t\t\t\t<div class=\"elementor-container elementor-column-gap-no\">\n\t\t\t\t\t<div class=\"elementor-column elementor-col-100 elementor-top-column elementor-element elementor-element-eee7acd\" data-id=\"eee7acd\" data-element_type=\"column\">\n\t\t\t<div class=\"elementor-widget-wrap elementor-element-populated\">\n\t\t\t\t\t\t<div class=\"elementor-element elementor-element-1db2167 elementor-widget elementor-widget-kinsley-intro\" data-id=\"1db2167\" data-element_type=\"widget\" data-widget_type=\"kinsley-intro.default\">\n\t\t\t\t<div class=\"elementor-widget-container\">\n\t\t\t\n    <!-- banner -->\n    <section class=\"knsl-banner-simple knsl-banner-white\">\n      \n\t  \t  <div class=\"knsl-cover-frame\">\n\t\t\t\t\t\t<div style=\"background-image: url('https:\/\/menaville-safaga.com\/wp-content\/uploads\/2024\/08\/Home12.jpg');\" class=\"knsl-parallax knsl-banner-slide\"><\/div>\n\t\t\t\t\t\t\t\t\t  <\/div>\n\t  <div class=\"knsl-overlay\" style=\"opacity: 0.5;\"><\/div>\n\t  \n      <div class=\"container\">\n        <div class=\"row\">\n          <div class=\"col-lg-12\">\n\n            <div class=\"knsl-center knsl-title-frame title-pos-top\">\n                            <h1 class=\"knsl-title--h knsl-mb-20 knsl-h1-inner\">\n                <span >\n                    Restaurant Maison de Poissons                <\/span>\n              <\/h1>\n                            \n              <ul class=\"knsl-breadcrumbs\"><li><a href=\"https:\/\/menaville-safaga.com\/fr\/\" title=\"Menaville Safaga\">Home<\/a><\/li><li class=\"tst-active\"><a><\/a><\/li><\/ul>\n            <\/div>\n\n          <\/div>\n        <\/div>\n      <\/div>\n    <\/section>\n    <!-- banner end -->\n\n\t\t\t\t<\/div>\n\t\t\t\t<\/div>\n\t\t\t\t\t<\/div>\n\t\t<\/div>\n\t\t\t\t\t<\/div>\n\t\t<\/section>\n\t\t\t\t<section class=\"elementor-section elementor-top-section elementor-element elementor-element-70fb8c7 elementor-section-full_width elementor-section-height-default elementor-section-height-default\" data-id=\"70fb8c7\" data-element_type=\"section\">\n\t\t\t\t\t\t<div class=\"elementor-container elementor-column-gap-no\">\n\t\t\t\t\t<div class=\"elementor-column elementor-col-100 elementor-top-column elementor-element elementor-element-08421b4\" data-id=\"08421b4\" data-element_type=\"column\">\n\t\t\t<div class=\"elementor-widget-wrap elementor-element-populated\">\n\t\t\t\t\t\t<section class=\"elementor-section elementor-inner-section elementor-element elementor-element-e832092 elementor-section-boxed elementor-section-height-default elementor-section-height-default\" data-id=\"e832092\" data-element_type=\"section\">\n\t\t\t\t\t\t<div class=\"elementor-container elementor-column-gap-default\">\n\t\t\t\t\t<div class=\"elementor-column elementor-col-100 elementor-inner-column elementor-element elementor-element-5cccbf7\" data-id=\"5cccbf7\" data-element_type=\"column\">\n\t\t\t<div class=\"elementor-widget-wrap elementor-element-populated\">\n\t\t\t\t\t\t<div class=\"elementor-element elementor-element-7b7f937 elementor-widget__width-initial elementor-widget elementor-widget-heading\" data-id=\"7b7f937\" data-element_type=\"widget\" data-widget_type=\"heading.default\">\n\t\t\t\t<div class=\"elementor-widget-container\">\n\t\t\t<h3 class=\"elementor-heading-title elementor-size-default\">Plongez dans les d\u00e9lices de Fish House<\/h3>\t\t<\/div>\n\t\t\t\t<\/div>\n\t\t\t\t<div class=\"elementor-element elementor-element-f363703 elementor-widget__width-initial elementor-widget elementor-widget-text-editor\" data-id=\"f363703\" data-element_type=\"widget\" data-widget_type=\"text-editor.default\">\n\t\t\t\t<div class=\"elementor-widget-container\">\n\t\t\t\t\t\t\t<p>Menaville Safaga, le nouveau paradis des fruits de mer Appel \u00e0 tous les amateurs de fruits de mer ! Menaville Safaga est ravi de d\u00e9voiler sa nouvelle destination gastronomique, Fish House. Ce restaurant \u00e0 la carte propose un \u00e9ventail d\u00e9lectable de produits frais de la mer Rouge, qui ne manqueront pas de titiller vos papilles. Laissez-vous tenter par un d\u00eener inoubliable sous le ciel \u00e9toil\u00e9. Le Fish House b\u00e9n\u00e9ficie d&#8217;un emplacement magnifique en bord de mer, o\u00f9 des vues \u00e0 couper le souffle sur la mer agr\u00e9mentent chaque bouch\u00e9e.<\/p>\t\t\t\t\t\t<\/div>\n\t\t\t\t<\/div>\n\t\t\t\t\t<\/div>\n\t\t<\/div>\n\t\t\t\t\t<\/div>\n\t\t<\/section>\n\t\t\t\t<div class=\"elementor-element elementor-element-dfb9575 elementor-arrows-position-inside elementor-widget elementor-widget-image-carousel\" data-id=\"dfb9575\" data-element_type=\"widget\" data-settings=\"{&quot;slides_to_show&quot;:&quot;2&quot;,&quot;navigation&quot;:&quot;arrows&quot;,&quot;autoplay&quot;:&quot;yes&quot;,&quot;pause_on_hover&quot;:&quot;yes&quot;,&quot;pause_on_interaction&quot;:&quot;yes&quot;,&quot;autoplay_speed&quot;:5000,&quot;infinite&quot;:&quot;yes&quot;,&quot;speed&quot;:500,&quot;image_spacing_custom&quot;:{&quot;unit&quot;:&quot;px&quot;,&quot;size&quot;:20,&quot;sizes&quot;:[]},&quot;image_spacing_custom_tablet&quot;:{&quot;unit&quot;:&quot;px&quot;,&quot;size&quot;:&quot;&quot;,&quot;sizes&quot;:[]},&quot;image_spacing_custom_mobile&quot;:{&quot;unit&quot;:&quot;px&quot;,&quot;size&quot;:&quot;&quot;,&quot;sizes&quot;:[]}}\" data-widget_type=\"image-carousel.default\">\n\t\t\t\t<div class=\"elementor-widget-container\">\n\t\t\t\t\t<div class=\"elementor-image-carousel-wrapper swiper\" dir=\"ltr\">\n\t\t\t<div class=\"elementor-image-carousel swiper-wrapper\" aria-live=\"off\">\n\t\t\t\t\t\t\t\t<div class=\"swiper-slide\" role=\"group\" aria-roledescription=\"slide\" aria-label=\"1 sur 6\"><a data-elementor-open-lightbox=\"yes\" data-elementor-lightbox-slideshow=\"dfb9575\" data-elementor-lightbox-title=\"AJ3A7351\" data-e-action-hash=\"#elementor-action%3Aaction%3Dlightbox%26settings%3DeyJpZCI6ODg1NywidXJsIjoiaHR0cHM6XC9cL21lbmF2aWxsZS1zYWZhZ2EuY29tXC93cC1jb250ZW50XC91cGxvYWRzXC8yMDI0XC8wOFwvQUozQTczNTEuanBnIiwic2xpZGVzaG93IjoiZGZiOTU3NSJ9\" href=\"https:\/\/menaville-safaga.com\/wp-content\/uploads\/2024\/08\/AJ3A7351.jpg\"><figure class=\"swiper-slide-inner\"><img decoding=\"async\" class=\"swiper-slide-image\" src=\"https:\/\/menaville-safaga.com\/wp-content\/uploads\/2024\/08\/AJ3A7351.jpg\" alt=\"AJ3A7351\" \/><\/figure><\/a><\/div><div class=\"swiper-slide\" role=\"group\" aria-roledescription=\"slide\" aria-label=\"2 sur 6\"><a data-elementor-open-lightbox=\"yes\" data-elementor-lightbox-slideshow=\"dfb9575\" data-elementor-lightbox-title=\"AJ3A7334\" data-e-action-hash=\"#elementor-action%3Aaction%3Dlightbox%26settings%3DeyJpZCI6ODg1NiwidXJsIjoiaHR0cHM6XC9cL21lbmF2aWxsZS1zYWZhZ2EuY29tXC93cC1jb250ZW50XC91cGxvYWRzXC8yMDI0XC8wOFwvQUozQTczMzQuanBnIiwic2xpZGVzaG93IjoiZGZiOTU3NSJ9\" href=\"https:\/\/menaville-safaga.com\/wp-content\/uploads\/2024\/08\/AJ3A7334.jpg\"><figure class=\"swiper-slide-inner\"><img decoding=\"async\" class=\"swiper-slide-image\" src=\"https:\/\/menaville-safaga.com\/wp-content\/uploads\/2024\/08\/AJ3A7334.jpg\" alt=\"AJ3A7334\" \/><\/figure><\/a><\/div><div class=\"swiper-slide\" role=\"group\" aria-roledescription=\"slide\" aria-label=\"3 sur 6\"><a data-elementor-open-lightbox=\"yes\" data-elementor-lightbox-slideshow=\"dfb9575\" data-elementor-lightbox-title=\"AJ3A7310\" data-e-action-hash=\"#elementor-action%3Aaction%3Dlightbox%26settings%3DeyJpZCI6ODg1NSwidXJsIjoiaHR0cHM6XC9cL21lbmF2aWxsZS1zYWZhZ2EuY29tXC93cC1jb250ZW50XC91cGxvYWRzXC8yMDI0XC8wOFwvQUozQTczMTAuanBnIiwic2xpZGVzaG93IjoiZGZiOTU3NSJ9\" href=\"https:\/\/menaville-safaga.com\/wp-content\/uploads\/2024\/08\/AJ3A7310.jpg\"><figure class=\"swiper-slide-inner\"><img decoding=\"async\" class=\"swiper-slide-image\" src=\"https:\/\/menaville-safaga.com\/wp-content\/uploads\/2024\/08\/AJ3A7310.jpg\" alt=\"AJ3A7310\" \/><\/figure><\/a><\/div><div class=\"swiper-slide\" role=\"group\" aria-roledescription=\"slide\" aria-label=\"4 sur 6\"><a data-elementor-open-lightbox=\"yes\" data-elementor-lightbox-slideshow=\"dfb9575\" data-elementor-lightbox-title=\"AJ3A7298\" data-e-action-hash=\"#elementor-action%3Aaction%3Dlightbox%26settings%3DeyJpZCI6ODg1NCwidXJsIjoiaHR0cHM6XC9cL21lbmF2aWxsZS1zYWZhZ2EuY29tXC93cC1jb250ZW50XC91cGxvYWRzXC8yMDI0XC8wOFwvQUozQTcyOTguanBnIiwic2xpZGVzaG93IjoiZGZiOTU3NSJ9\" href=\"https:\/\/menaville-safaga.com\/wp-content\/uploads\/2024\/08\/AJ3A7298.jpg\"><figure class=\"swiper-slide-inner\"><img decoding=\"async\" class=\"swiper-slide-image\" src=\"https:\/\/menaville-safaga.com\/wp-content\/uploads\/2024\/08\/AJ3A7298.jpg\" alt=\"AJ3A7298\" \/><\/figure><\/a><\/div><div class=\"swiper-slide\" role=\"group\" aria-roledescription=\"slide\" aria-label=\"5 sur 6\"><a data-elementor-open-lightbox=\"yes\" data-elementor-lightbox-slideshow=\"dfb9575\" data-elementor-lightbox-title=\"DSC00380\" data-e-action-hash=\"#elementor-action%3Aaction%3Dlightbox%26settings%3DeyJpZCI6OTYwNiwidXJsIjoiaHR0cHM6XC9cL21lbmF2aWxsZS1zYWZhZ2EuY29tXC93cC1jb250ZW50XC91cGxvYWRzXC8yMDI0XC8wOVwvRFNDMDAzODAuanBnIiwic2xpZGVzaG93IjoiZGZiOTU3NSJ9\" href=\"https:\/\/menaville-safaga.com\/wp-content\/uploads\/2024\/09\/DSC00380.jpg\"><figure class=\"swiper-slide-inner\"><img decoding=\"async\" class=\"swiper-slide-image\" src=\"https:\/\/menaville-safaga.com\/wp-content\/uploads\/2024\/09\/DSC00380.jpg\" alt=\"DSC00380\" \/><\/figure><\/a><\/div><div class=\"swiper-slide\" role=\"group\" aria-roledescription=\"slide\" aria-label=\"6 sur 6\"><a data-elementor-open-lightbox=\"yes\" data-elementor-lightbox-slideshow=\"dfb9575\" data-elementor-lightbox-title=\"DSC00299\" data-e-action-hash=\"#elementor-action%3Aaction%3Dlightbox%26settings%3DeyJpZCI6OTYwNCwidXJsIjoiaHR0cHM6XC9cL21lbmF2aWxsZS1zYWZhZ2EuY29tXC93cC1jb250ZW50XC91cGxvYWRzXC8yMDI0XC8wOVwvRFNDMDAyOTkuanBnIiwic2xpZGVzaG93IjoiZGZiOTU3NSJ9\" href=\"https:\/\/menaville-safaga.com\/wp-content\/uploads\/2024\/09\/DSC00299.jpg\"><figure class=\"swiper-slide-inner\"><img decoding=\"async\" class=\"swiper-slide-image\" src=\"https:\/\/menaville-safaga.com\/wp-content\/uploads\/2024\/09\/DSC00299.jpg\" alt=\"DSC00299\" \/><\/figure><\/a><\/div>\t\t\t<\/div>\n\t\t\t\t\t\t\t\t\t\t\t\t<div class=\"elementor-swiper-button elementor-swiper-button-prev\" role=\"button\" tabindex=\"0\">\n\t\t\t\t\t\t<svg aria-hidden=\"true\" class=\"e-font-icon-svg e-eicon-chevron-left\" viewBox=\"0 0 1000 1000\" xmlns=\"http:\/\/www.w3.org\/2000\/svg\"><path d=\"M646 125C629 125 613 133 604 142L308 442C296 454 292 471 292 487 292 504 296 521 308 533L604 854C617 867 629 875 646 875 663 875 679 871 692 858 704 846 713 829 713 812 713 796 708 779 692 767L438 487 692 225C700 217 708 204 708 187 708 171 704 154 692 142 675 129 663 125 646 125Z\"><\/path><\/svg>\t\t\t\t\t<\/div>\n\t\t\t\t\t<div class=\"elementor-swiper-button elementor-swiper-button-next\" role=\"button\" tabindex=\"0\">\n\t\t\t\t\t\t<svg aria-hidden=\"true\" class=\"e-font-icon-svg e-eicon-chevron-right\" viewBox=\"0 0 1000 1000\" xmlns=\"http:\/\/www.w3.org\/2000\/svg\"><path d=\"M696 533C708 521 713 504 713 487 713 471 708 454 696 446L400 146C388 133 375 125 354 125 338 125 325 129 313 142 300 154 292 171 292 187 292 204 296 221 308 233L563 492 304 771C292 783 288 800 288 817 288 833 296 850 308 863 321 871 338 875 354 875 371 875 388 867 400 854L696 533Z\"><\/path><\/svg>\t\t\t\t\t<\/div>\n\t\t\t\t\n\t\t\t\t\t\t\t\t\t<\/div>\n\t\t\t\t<\/div>\n\t\t\t\t<\/div>\n\t\t\t\t<div class=\"elementor-element elementor-element-f5c2ec3 elementor-widget elementor-widget-spacer\" data-id=\"f5c2ec3\" data-element_type=\"widget\" data-widget_type=\"spacer.default\">\n\t\t\t\t<div class=\"elementor-widget-container\">\n\t\t\t\t\t<div class=\"elementor-spacer\">\n\t\t\t<div class=\"elementor-spacer-inner\"><\/div>\n\t\t<\/div>\n\t\t\t\t<\/div>\n\t\t\t\t<\/div>\n\t\t\t\t\t<\/div>\n\t\t<\/div>\n\t\t\t\t\t<\/div>\n\t\t<\/section>\n\t\t\t\t<section class=\"elementor-section elementor-top-section elementor-element elementor-element-a0a89ae elementor-section-full_width elementor-hidden-desktop elementor-hidden-tablet elementor-hidden-mobile elementor-section-height-default elementor-section-height-default\" data-id=\"a0a89ae\" data-element_type=\"section\" data-settings=\"{&quot;background_background&quot;:&quot;classic&quot;}\">\n\t\t\t\t\t\t\t<div class=\"elementor-background-overlay\"><\/div>\n\t\t\t\t\t\t\t<div class=\"elementor-container elementor-column-gap-no\">\n\t\t\t\t\t<div class=\"elementor-column elementor-col-100 elementor-top-column elementor-element elementor-element-0ff91a1\" data-id=\"0ff91a1\" data-element_type=\"column\">\n\t\t\t<div class=\"elementor-widget-wrap elementor-element-populated\">\n\t\t\t\t\t\t<section class=\"elementor-section elementor-inner-section elementor-element elementor-element-5a54efe elementor-section-content-middle elementor-section-boxed elementor-section-height-default elementor-section-height-default\" data-id=\"5a54efe\" data-element_type=\"section\">\n\t\t\t\t\t\t<div class=\"elementor-container elementor-column-gap-default\">\n\t\t\t\t\t<div class=\"elementor-column elementor-col-100 elementor-inner-column elementor-element elementor-element-354b46c\" data-id=\"354b46c\" data-element_type=\"column\">\n\t\t\t<div class=\"elementor-widget-wrap elementor-element-populated\">\n\t\t\t\t\t\t<div class=\"elementor-element elementor-element-db09bd6 elementor-widget elementor-widget-heading\" data-id=\"db09bd6\" data-element_type=\"widget\" data-widget_type=\"heading.default\">\n\t\t\t\t<div class=\"elementor-widget-container\">\n\t\t\t<div class=\"elementor-heading-title elementor-size-default\">More Than Just a Meal:<\/div>\t\t<\/div>\n\t\t\t\t<\/div>\n\t\t\t\t<div class=\"elementor-element elementor-element-b073eeb elementor-widget__width-initial elementor-widget elementor-widget-heading\" data-id=\"b073eeb\" data-element_type=\"widget\" data-widget_type=\"heading.default\">\n\t\t\t\t<div class=\"elementor-widget-container\">\n\t\t\t<h3 class=\"elementor-heading-title elementor-size-default\">The Main Restaurant is the heart of Menaville's dining scene, offering a vibrant atmosphere perfect for casual gatherings and family meals.<\/h3>\t\t<\/div>\n\t\t\t\t<\/div>\n\t\t\t\t<div class=\"elementor-element elementor-element-c268119 elementor-widget__width-initial elementor-widget elementor-widget-heading\" data-id=\"c268119\" data-element_type=\"widget\" data-widget_type=\"heading.default\">\n\t\t\t\t<div class=\"elementor-widget-container\">\n\t\t\t<div class=\"elementor-heading-title elementor-size-default\">Join us and embark on a delicious journey around the world, right here at Menaville Safaga!<\/div>\t\t<\/div>\n\t\t\t\t<\/div>\n\t\t\t\t<div class=\"elementor-element elementor-element-ef9f0b0 elementor-widget elementor-widget-kinsley-buttons\" data-id=\"ef9f0b0\" data-element_type=\"widget\" data-widget_type=\"kinsley-buttons.default\">\n\t\t\t\t<div class=\"elementor-widget-container\">\n\t\t\t\n        <!-- action button -->\n        <a  href=\"#booknow\" class=\"knsl-btn knsl-btn-md\">\n                        <span >\n            Book your stay            <\/span>\n        <\/a>\n        <!-- action button end -->\n\n\t\t\t\t<\/div>\n\t\t\t\t<\/div>\n\t\t\t\t\t<\/div>\n\t\t<\/div>\n\t\t\t\t\t<\/div>\n\t\t<\/section>\n\t\t\t\t\t<\/div>\n\t\t<\/div>\n\t\t\t\t\t<\/div>\n\t\t<\/section>\n\t\t\t\t<\/div>\n\t\t","protected":false},"excerpt":{"rendered":"<p>Restaurant Maison de Poissons Home Plongez dans les d\u00e9lices de Fish House Menaville Safaga, le nouveau paradis des fruits de&#8230; <span class=\"knsl-el-more\"><a href=\"https:\/\/menaville-safaga.com\/fr\/restaurant-fish-house\/\" class=\"knsl-btn\">Read more<span class=\"screen-reader-text\">Read more&nbsp;Restaurant Fish House<\/span><\/a><\/span><\/p>\n","protected":false},"author":1,"featured_media":11192,"parent":0,"menu_order":0,"comment_status":"closed","ping_status":"closed","template":"template-layout-builder.php","meta":{"_acf_changed":false,"_monsterinsights_skip_tracking":false,"_monsterinsights_sitenote_active":false,"_monsterinsights_sitenote_note":"","_monsterinsights_sitenote_category":0,"footnotes":""},"class_list":["post-11190","page","type-page","status-publish","has-post-thumbnail","hentry"],"acf":[],"aioseo_notices":[],"_links":{"self":[{"href":"https:\/\/menaville-safaga.com\/fr\/wp-json\/wp\/v2\/pages\/11190","targetHints":{"allow":["GET"]}}],"collection":[{"href":"https:\/\/menaville-safaga.com\/fr\/wp-json\/wp\/v2\/pages"}],"about":[{"href":"https:\/\/menaville-safaga.com\/fr\/wp-json\/wp\/v2\/types\/page"}],"author":[{"embeddable":true,"href":"https:\/\/menaville-safaga.com\/fr\/wp-json\/wp\/v2\/users\/1"}],"replies":[{"embeddable":true,"href":"https:\/\/menaville-safaga.com\/fr\/wp-json\/wp\/v2\/comments?post=11190"}],"version-history":[{"count":11,"href":"https:\/\/menaville-safaga.com\/fr\/wp-json\/wp\/v2\/pages\/11190\/revisions"}],"predecessor-version":[{"id":35990,"href":"https:\/\/menaville-safaga.com\/fr\/wp-json\/wp\/v2\/pages\/11190\/revisions\/35990"}],"wp:featuredmedia":[{"embeddable":true,"href":"https:\/\/menaville-safaga.com\/fr\/wp-json\/wp\/v2\/media\/11192"}],"wp:attachment":[{"href":"https:\/\/menaville-safaga.com\/fr\/wp-json\/wp\/v2\/media?parent=11190"}],"curies":[{"name":"wp","href":"https:\/\/api.w.org\/{rel}","templated":true}]}}