{"id":11314,"date":"2021-08-24T00:16:57","date_gmt":"2021-08-24T00:16:57","guid":{"rendered":"https:\/\/menaville-safaga.com\/accommodations\/"},"modified":"2024-10-03T16:47:38","modified_gmt":"2024-10-03T16:47:38","slug":"accommodations","status":"publish","type":"page","link":"https:\/\/menaville-safaga.com\/de\/accommodations\/","title":{"rendered":"Zimmer"},"content":{"rendered":"\t\t<div data-elementor-type=\"wp-page\" data-elementor-id=\"11314\" class=\"elementor elementor-11314 elementor-8298\">\n\t\t\t\t\t\t<section class=\"elementor-section elementor-top-section elementor-element elementor-element-d70610d elementor-section-full_width elementor-section-height-default elementor-section-height-default\" data-id=\"d70610d\" data-element_type=\"section\">\n\t\t\t\t\t\t<div class=\"elementor-container elementor-column-gap-no\">\n\t\t\t\t\t<div class=\"elementor-column elementor-col-100 elementor-top-column elementor-element elementor-element-1e4d363\" data-id=\"1e4d363\" data-element_type=\"column\">\n\t\t\t<div class=\"elementor-widget-wrap elementor-element-populated\">\n\t\t\t\t\t\t<div class=\"elementor-element elementor-element-f55ef47 elementor-widget elementor-widget-kinsley-intro\" data-id=\"f55ef47\" data-element_type=\"widget\" data-widget_type=\"kinsley-intro.default\">\n\t\t\t\t<div class=\"elementor-widget-container\">\n\t\t\t\n    <!-- banner -->\n    <section class=\"knsl-banner-simple knsl-banner-white\">\n      \n\t  \t  <div class=\"knsl-cover-frame\">\n\t\t\t\t\t\t<div style=\"background-image: url('https:\/\/menaville-safaga.com\/wp-content\/uploads\/2024\/08\/Img7621-xxxxxxxok.jpg');\" class=\"knsl-parallax knsl-banner-slide\"><\/div>\n\t\t\t\t\t\t\t\t\t  <\/div>\n\t  <div class=\"knsl-overlay\" style=\"opacity: 0.35;\"><\/div>\n\t  \n      <div class=\"container\">\n        <div class=\"row\">\n          <div class=\"col-lg-12\">\n\n            <div class=\"knsl-center knsl-title-frame title-pos-top\">\n                            <h1 class=\"knsl-title--h knsl-mb-20 knsl-h1-inner\">\n                <span >\n                    W\u00e4hlen Sie Ihr Zimmer                <\/span>\n              <\/h1>\n                                          <p class=\"knsl-text knsl-mb-30\">\n                <span >\n                    Unser luxuri\u00f6ses Resort und unsere Unterk\u00fcnfte                <\/span>\n              <\/p>\n              \n              <ul class=\"knsl-breadcrumbs\"><li><a href=\"https:\/\/menaville-safaga.com\/de\/\" title=\"Menaville Safaga\">Home<\/a><\/li><li class=\"tst-active\"><a><\/a><\/li><\/ul>\n            <\/div>\n\n          <\/div>\n        <\/div>\n      <\/div>\n    <\/section>\n    <!-- banner end -->\n\n\t\t\t\t<\/div>\n\t\t\t\t<\/div>\n\t\t\t\t\t<\/div>\n\t\t<\/div>\n\t\t\t\t\t<\/div>\n\t\t<\/section>\n\t\t\t\t<section class=\"elementor-section elementor-top-section elementor-element elementor-element-2020aa5 elementor-section-boxed elementor-section-height-default elementor-section-height-default\" data-id=\"2020aa5\" data-element_type=\"section\">\n\t\t\t\t\t\t<div class=\"elementor-container elementor-column-gap-default\">\n\t\t\t\t\t<div class=\"elementor-column elementor-col-100 elementor-top-column elementor-element elementor-element-d461c76\" data-id=\"d461c76\" data-element_type=\"column\">\n\t\t\t<div class=\"elementor-widget-wrap elementor-element-populated\">\n\t\t\t\t\t\t<div class=\"elementor-element elementor-element-42d7ba8 elementor-widget elementor-widget-kinsley-rooms-grid\" data-id=\"42d7ba8\" data-element_type=\"widget\" data-widget_type=\"kinsley-rooms-grid.default\">\n\t\t\t\t<div class=\"elementor-widget-container\">\n\t\t\t\n\t\t<!-- rooms -->\n\t\t<section class=\"knsl-p-0-100\">\n\t\t\n\t\t<div class=\"container\">\t\t\t\n\t\t\t\n\t\t\t\t\t\t<div class=\"row attr-details-capacity-false attr-details-amenity-false attr-details-category-false attr-details-attributes-false attr-details-view-false attr-details-bed-type-false attr-details-children-false mphb-room-type-minimal\">\n\t\t\t\t\n\t\t\t\t\t\t\t\t<div class=\"col-lg-4 \">\n\t\t\t\t\t<div class=\"mphb_sc_room-wrapper \"><div class=\"mphb-room-type post-11123 mphb_room_type type-mphb_room_type status-publish has-post-thumbnail mphb_room_type_category-menavilla-de mphb_room_type_tag-classic-de mphb_room_type_facility-hair-dryer-de mphb_room_type_facility-mini-fridge-de mphb_room_type_facility-satellite-tv-de mphb_room_type_facility-safe-de mphb-room-type-adults-1 mphb-room-type-children-0 \">\n\n\t\n\t\n\n\t<p class=\"post-thumbnail mphb-loop-room-thumbnail\">\n\t<a href=\"https:\/\/menaville-safaga.com\/de\/accommodation\/standard-rooms\/\">\n\t<img fetchpriority=\"high\" decoding=\"async\" width=\"1000\" height=\"667\" src=\"https:\/\/menaville-safaga.com\/wp-content\/uploads\/2021\/12\/DSC00434.jpg\" class=\"attachment-post-thumbnail size-post-thumbnail wp-post-image\" alt=\"\" srcset=\"https:\/\/menaville-safaga.com\/wp-content\/uploads\/2021\/12\/DSC00434.jpg 1000w, https:\/\/menaville-safaga.com\/wp-content\/uploads\/2021\/12\/DSC00434-300x200.jpg 300w, https:\/\/menaville-safaga.com\/wp-content\/uploads\/2021\/12\/DSC00434-768x512.jpg 768w, https:\/\/menaville-safaga.com\/wp-content\/uploads\/2021\/12\/DSC00434-950x634.jpg 950w, https:\/\/menaville-safaga.com\/wp-content\/uploads\/2021\/12\/DSC00434-800x534.jpg 800w\" sizes=\"(max-width: 1000px) 100vw, 1000px\" \/>\t<\/a>\n\n\t<\/p>\n\n\n\n<h2 class=\"mphb-room-type-title entry-title\">\n\n\n<a class=\"mphb-room-type-title\" href=\"https:\/\/menaville-safaga.com\/de\/accommodation\/standard-rooms\/\">Standard Zimmer<\/a>\n\n\n<\/h2>\n\n\t\n<\/div>\n<\/div>\t\t\t\t<\/div>\n\t\t\t\t\t\t\t\t<div class=\"col-lg-4 \">\n\t\t\t\t\t<div class=\"mphb_sc_room-wrapper \"><div class=\"mphb-room-type post-11323 mphb_room_type type-mphb_room_type status-publish has-post-thumbnail mphb_room_type_category-menavilla-de mphb_room_type_tag-classic-de mphb_room_type_facility-hair-dryer-de mphb_room_type_facility-mini-fridge-de mphb_room_type_facility-satellite-tv-de mphb_room_type_facility-safe-de mphb-room-type-adults-1 mphb-room-type-children-0 \">\n\n\t\n\t\n\n\t<p class=\"post-thumbnail mphb-loop-room-thumbnail\">\n\t<a href=\"https:\/\/menaville-safaga.com\/de\/accommodation\/superior-rooms\/\">\n\t<img decoding=\"async\" width=\"1000\" height=\"667\" src=\"https:\/\/menaville-safaga.com\/wp-content\/uploads\/2021\/12\/Superior.jpg\" class=\"attachment-post-thumbnail size-post-thumbnail wp-post-image\" alt=\"\" srcset=\"https:\/\/menaville-safaga.com\/wp-content\/uploads\/2021\/12\/Superior.jpg 1000w, https:\/\/menaville-safaga.com\/wp-content\/uploads\/2021\/12\/Superior-300x200.jpg 300w, https:\/\/menaville-safaga.com\/wp-content\/uploads\/2021\/12\/Superior-768x512.jpg 768w, https:\/\/menaville-safaga.com\/wp-content\/uploads\/2021\/12\/Superior-950x634.jpg 950w, https:\/\/menaville-safaga.com\/wp-content\/uploads\/2021\/12\/Superior-800x534.jpg 800w\" sizes=\"(max-width: 1000px) 100vw, 1000px\" \/>\t<\/a>\n\n\t<\/p>\n\n\n\n<h2 class=\"mphb-room-type-title entry-title\">\n\n\n<a class=\"mphb-room-type-title\" href=\"https:\/\/menaville-safaga.com\/de\/accommodation\/superior-rooms\/\">Superior Zimmer<\/a>\n\n\n<\/h2>\n\n\t\n<\/div>\n<\/div>\t\t\t\t<\/div>\n\t\t\t\t\t\t\t\t<div class=\"col-lg-4 \">\n\t\t\t\t\t<div class=\"mphb_sc_room-wrapper \"><div class=\"mphb-room-type post-11338 mphb_room_type type-mphb_room_type status-publish has-post-thumbnail mphb_room_type_category-menavilla-de mphb_room_type_tag-classic-de mphb_room_type_facility-hair-dryer-de mphb_room_type_facility-mini-fridge-de mphb_room_type_facility-satellite-tv-de mphb_room_type_facility-safe-de mphb-room-type-adults-1 mphb-room-type-children-0 \">\n\n\t\n\t\n\n\t<p class=\"post-thumbnail mphb-loop-room-thumbnail\">\n\t<a href=\"https:\/\/menaville-safaga.com\/de\/accommodation\/deluxe-chalets\/\">\n\t<img decoding=\"async\" width=\"1000\" height=\"667\" src=\"https:\/\/menaville-safaga.com\/wp-content\/uploads\/2021\/12\/Deluxe.jpg\" class=\"attachment-post-thumbnail size-post-thumbnail wp-post-image\" alt=\"\" srcset=\"https:\/\/menaville-safaga.com\/wp-content\/uploads\/2021\/12\/Deluxe.jpg 1000w, https:\/\/menaville-safaga.com\/wp-content\/uploads\/2021\/12\/Deluxe-300x200.jpg 300w, https:\/\/menaville-safaga.com\/wp-content\/uploads\/2021\/12\/Deluxe-768x512.jpg 768w, https:\/\/menaville-safaga.com\/wp-content\/uploads\/2021\/12\/Deluxe-950x634.jpg 950w, https:\/\/menaville-safaga.com\/wp-content\/uploads\/2021\/12\/Deluxe-800x534.jpg 800w\" sizes=\"(max-width: 1000px) 100vw, 1000px\" \/>\t<\/a>\n\n\t<\/p>\n\n\n\n<h2 class=\"mphb-room-type-title entry-title\">\n\n\n<a class=\"mphb-room-type-title\" href=\"https:\/\/menaville-safaga.com\/de\/accommodation\/deluxe-chalets\/\">Luxus-Chalets<\/a>\n\n\n<\/h2>\n\n\t\n<\/div>\n<\/div>\t\t\t\t<\/div>\n\t\t\t\t\t\t\t<\/div>\n\t\t\t\n\t\t\t\n\t\t\t\t\t\t\t\t<\/div>\t\t<\/section>\n\t\t<!-- rooms end -->\n\n\t\t\t\t<\/div>\n\t\t\t\t<\/div>\n\t\t\t\t\t<\/div>\n\t\t<\/div>\n\t\t\t\t\t<\/div>\n\t\t<\/section>\n\t\t\t\t<section class=\"elementor-section elementor-top-section elementor-element elementor-element-465f066 elementor-section-full_width elementor-section-height-default elementor-section-height-default\" data-id=\"465f066\" data-element_type=\"section\" data-settings=\"{&quot;background_background&quot;:&quot;classic&quot;}\">\n\t\t\t\t\t\t\t<div class=\"elementor-background-overlay\"><\/div>\n\t\t\t\t\t\t\t<div class=\"elementor-container elementor-column-gap-no\">\n\t\t\t\t\t<div class=\"elementor-column elementor-col-100 elementor-top-column elementor-element elementor-element-6ceb134\" data-id=\"6ceb134\" data-element_type=\"column\">\n\t\t\t<div class=\"elementor-widget-wrap elementor-element-populated\">\n\t\t\t\t\t\t<section class=\"elementor-section elementor-inner-section elementor-element elementor-element-509134f elementor-section-boxed elementor-section-height-default elementor-section-height-default\" data-id=\"509134f\" data-element_type=\"section\">\n\t\t\t\t\t\t<div class=\"elementor-container elementor-column-gap-default\">\n\t\t\t\t\t<div class=\"elementor-column elementor-col-100 elementor-inner-column elementor-element elementor-element-1a4f3a4\" data-id=\"1a4f3a4\" data-element_type=\"column\">\n\t\t\t<div class=\"elementor-widget-wrap elementor-element-populated\">\n\t\t\t\t\t\t<div class=\"elementor-element elementor-element-97a68fb elementor-widget elementor-widget-heading\" data-id=\"97a68fb\" data-element_type=\"widget\" data-widget_type=\"heading.default\">\n\t\t\t\t<div class=\"elementor-widget-container\">\n\t\t\t<div class=\"elementor-heading-title elementor-size-default\">Ultimative Entspannung und Komfort<\/div>\t\t<\/div>\n\t\t\t\t<\/div>\n\t\t\t\t<div class=\"elementor-element elementor-element-c9b74c8 elementor-widget elementor-widget-heading\" data-id=\"c9b74c8\" data-element_type=\"widget\" data-widget_type=\"heading.default\">\n\t\t\t\t<div class=\"elementor-widget-container\">\n\t\t\t<h3 class=\"elementor-heading-title elementor-size-default\">Erleben Sie einen <u>unvergesslichen<\/u><br>Aufenthalt in unserem Hotel<\/h3>\t\t<\/div>\n\t\t\t\t<\/div>\n\t\t\t\t<div class=\"elementor-element elementor-element-6a3d5c6 elementor-widget elementor-widget-kinsley-buttons\" data-id=\"6a3d5c6\" data-element_type=\"widget\" data-widget_type=\"kinsley-buttons.default\">\n\t\t\t\t<div class=\"elementor-widget-container\">\n\t\t\t\n        <!-- action button -->\n        <a  href=\"\/de\/book\" class=\"knsl-btn knsl-btn-md\">\n                        <span >\n            Buche deinen Aufenthalt            <\/span>\n        <\/a>\n        <!-- action button end -->\n\n\t\t\t\t<\/div>\n\t\t\t\t<\/div>\n\t\t\t\t\t<\/div>\n\t\t<\/div>\n\t\t\t\t\t<\/div>\n\t\t<\/section>\n\t\t\t\t\t<\/div>\n\t\t<\/div>\n\t\t\t\t\t<\/div>\n\t\t<\/section>\n\t\t\t\t<\/div>\n\t\t","protected":false},"excerpt":{"rendered":"<p>W\u00e4hlen Sie Ihr Zimmer Unser luxuri\u00f6ses Resort und unsere Unterk\u00fcnfte Home Standard Rooms Superior&#8230; <span class=\"knsl-el-more\"><a href=\"https:\/\/menaville-safaga.com\/de\/accommodation\/deluxe-chalets\/\" class=\"knsl-btn\">Read more<span class=\"screen-reader-text\">Read more&nbsp;Luxus-Chalets<\/span><\/a><\/span><\/p>\n","protected":false},"author":1,"featured_media":0,"parent":0,"menu_order":0,"comment_status":"closed","ping_status":"closed","template":"template-layout-builder.php","meta":{"_acf_changed":false,"_monsterinsights_skip_tracking":false,"_monsterinsights_sitenote_active":false,"_monsterinsights_sitenote_note":"","_monsterinsights_sitenote_category":0,"footnotes":""},"class_list":["post-11314","page","type-page","status-publish","hentry"],"acf":[],"aioseo_notices":[],"_links":{"self":[{"href":"https:\/\/menaville-safaga.com\/de\/wp-json\/wp\/v2\/pages\/11314","targetHints":{"allow":["GET"]}}],"collection":[{"href":"https:\/\/menaville-safaga.com\/de\/wp-json\/wp\/v2\/pages"}],"about":[{"href":"https:\/\/menaville-safaga.com\/de\/wp-json\/wp\/v2\/types\/page"}],"author":[{"embeddable":true,"href":"https:\/\/menaville-safaga.com\/de\/wp-json\/wp\/v2\/users\/1"}],"replies":[{"embeddable":true,"href":"https:\/\/menaville-safaga.com\/de\/wp-json\/wp\/v2\/comments?post=11314"}],"version-history":[{"count":15,"href":"https:\/\/menaville-safaga.com\/de\/wp-json\/wp\/v2\/pages\/11314\/revisions"}],"predecessor-version":[{"id":26868,"href":"https:\/\/menaville-safaga.com\/de\/wp-json\/wp\/v2\/pages\/11314\/revisions\/26868"}],"wp:attachment":[{"href":"https:\/\/menaville-safaga.com\/de\/wp-json\/wp\/v2\/media?parent=11314"}],"curies":[{"name":"wp","href":"https:\/\/api.w.org\/{rel}","templated":true}]}}