{"id":10884,"date":"2024-07-18T11:16:29","date_gmt":"2024-07-18T11:16:29","guid":{"rendered":"https:\/\/menaville-safaga.com\/restaurants-bars\/"},"modified":"2024-10-04T20:54:40","modified_gmt":"2024-10-04T20:54:40","slug":"restaurants-bars","status":"publish","type":"page","link":"https:\/\/menaville-safaga.com\/de\/restaurants-bars\/","title":{"rendered":"Restaurant &#038; Bars"},"content":{"rendered":"\t\t<div data-elementor-type=\"wp-page\" data-elementor-id=\"10884\" class=\"elementor elementor-10884 elementor-7946\">\n\t\t\t\t\t\t<section class=\"elementor-section elementor-top-section elementor-element elementor-element-70fb8c7 elementor-section-full_width elementor-section-height-default elementor-section-height-default\" data-id=\"70fb8c7\" data-element_type=\"section\">\n\t\t\t\t\t\t<div class=\"elementor-container elementor-column-gap-no\">\n\t\t\t\t\t<div class=\"elementor-column elementor-col-100 elementor-top-column elementor-element elementor-element-08421b4\" data-id=\"08421b4\" data-element_type=\"column\">\n\t\t\t<div class=\"elementor-widget-wrap elementor-element-populated\">\n\t\t\t\t\t\t<div class=\"elementor-element elementor-element-1db2167 elementor-widget elementor-widget-kinsley-intro\" data-id=\"1db2167\" data-element_type=\"widget\" data-widget_type=\"kinsley-intro.default\">\n\t\t\t\t<div class=\"elementor-widget-container\">\n\t\t\t\n    <!-- banner -->\n    <section class=\"knsl-banner-simple knsl-banner-white\">\n      \n\t  \t  <div class=\"knsl-cover-frame\">\n\t\t\t\t\t\t<div style=\"background-image: url('https:\/\/menaville-safaga.com\/wp-content\/uploads\/2024\/07\/Img7954-copyxxxoke.jpg');\" class=\"knsl-parallax knsl-banner-slide\"><\/div>\n\t\t\t\t\t\t\t\t\t  <\/div>\n\t  <div class=\"knsl-overlay\" style=\"opacity: 0.5;\"><\/div>\n\t  \n      <div class=\"container\">\n        <div class=\"row\">\n          <div class=\"col-lg-12\">\n\n            <div class=\"knsl-center knsl-title-frame title-pos-top\">\n                            <h1 class=\"knsl-title--h knsl-mb-20 knsl-h1-inner\">\n                <span >\n                    Restaurants und Bars                <\/span>\n              <\/h1>\n                                          <p class=\"knsl-text knsl-mb-30\">\n                <span >\n                    Feinstes kulinarisches Erlebnis in unserem Hotelrestaurant &amp; Bar                <\/span>\n              <\/p>\n              \n              <ul class=\"knsl-breadcrumbs\"><li><a href=\"https:\/\/menaville-safaga.com\/de\/\" title=\"Menaville Safaga\">Home<\/a><\/li><li class=\"tst-active\"><a><\/a><\/li><\/ul>\n            <\/div>\n\n          <\/div>\n        <\/div>\n      <\/div>\n    <\/section>\n    <!-- banner end -->\n\n\t\t\t\t<\/div>\n\t\t\t\t<\/div>\n\t\t\t\t<section class=\"elementor-section elementor-inner-section elementor-element elementor-element-e832092 elementor-section-boxed elementor-section-height-default elementor-section-height-default\" data-id=\"e832092\" data-element_type=\"section\">\n\t\t\t\t\t\t<div class=\"elementor-container elementor-column-gap-default\">\n\t\t\t\t\t<div class=\"elementor-column elementor-col-100 elementor-inner-column elementor-element elementor-element-5cccbf7\" data-id=\"5cccbf7\" data-element_type=\"column\">\n\t\t\t<div class=\"elementor-widget-wrap elementor-element-populated\">\n\t\t\t\t\t\t<div class=\"elementor-element elementor-element-f3b932b elementor-widget elementor-widget-heading\" data-id=\"f3b932b\" data-element_type=\"widget\" data-widget_type=\"heading.default\">\n\t\t\t\t<div class=\"elementor-widget-container\">\n\t\t\t<h2 class=\"elementor-heading-title elementor-size-default\">Restaurants<\/h2>\t\t<\/div>\n\t\t\t\t<\/div>\n\t\t\t\t<div class=\"elementor-element elementor-element-559e06a elementor-widget__width-initial elementor-widget elementor-widget-text-editor\" data-id=\"559e06a\" data-element_type=\"widget\" data-widget_type=\"text-editor.default\">\n\t\t\t\t<div class=\"elementor-widget-container\">\n\t\t\t\t\t\t\t<p>Lassen Sie die Seele baumeln und genie\u00dfen Sie die vielf\u00e4ltige Auswahl an Restaurants und Bars des <span class=\"error-spellcheck\" data-word=\"Menaville\" data-suggestion=\"Villenartig\">Menaville<\/span> <span class=\"error-spellcheck\" data-word=\"Resorts\" data-suggestion=\"Reports|Ressorts|Ressort\">Resorts<\/span>, die f\u00fcr jeden Geschmack und jede Stimmung etwas bereithalten. Genie\u00dfen Sie rund um die Uhr unser All-inclusive-Paket mit einer Vielzahl von kulinarischen K\u00f6stlichkeiten.<\/p>\t\t\t\t\t\t<\/div>\n\t\t\t\t<\/div>\n\t\t\t\t<div class=\"elementor-element elementor-element-64ca37d elementor-widget elementor-widget-kinsley-services-custom\" data-id=\"64ca37d\" data-element_type=\"widget\" data-widget_type=\"kinsley-services-custom.default\">\n\t\t\t\t<div class=\"elementor-widget-container\">\n\t\t\t\n\t\t<!-- services -->\n    <section class=\"knsl-p-0-80\">\n      <div class=\"container\">\n        <div class=\"row  attr-desc-false\">\n          \n\t\t\t\t\t\n\t\t\t\t\t\n          <div class=\"col-md-6 col-lg-4\">\n\n\t\t\t\t\t\t\n\t\t\t\t\t\t<!-- service card -->\n\t\t\t\t\t\t<div class=\"knsl-ath-card \">\n\t\t\t\t\t\t\t<div class=\"knsl-cover-frame\">\n\t\t\t\t\t\t\t\t\t\t\t\t\t\t\t\t<a href=\"\/de\/main-restaurant\/\">\n\t\t\t\t\t\t\t\t\t\t\t\t\t\t\t\t\t\t\t\t\t\t\t\t\t\t<img decoding=\"async\" src=\"https:\/\/menaville-safaga.com\/wp-content\/uploads\/2024\/07\/Img7954-copyxxxoke-950x633.jpg\" alt=\"Restaurant &#038; Bars\">\n\t\t\t\t\t\t\t\t\t\t\t\t\t\t\t\t\t\t\t\t\t\t\t\t\t<\/a>\n\t\t\t\t\t\t\t\t\t\t\t\t\t\t\t\t\t\t\t\t\t\t\t<\/div>\n\t\t\t\t\t\t\t<div class=\"knsl-card-description\">\n\t\t\t\t\t\t\t\t\t\t\t\t\t\t\t\t<h3 class=\"knsl-mb-10\">\n\t\t\t\t\t\t\t\t\t<span >\n\t\t\t\t\t\t\t\t\t\tHauptrestaurant\t\t\t\t\t\t\t\t\t<\/span>\n\t\t\t\t\t\t\t\t<\/h3>\n\t\t\t\t\t\t\t\t\t\t\t\t\t\t\t\t\t\t\t\t\t\t\t\t<div class=\"knsl-text knsl-text--h\">\n\t\t\t\t\t\t\t\t\t<span >\n\t\t\t\t\t\t\t\t\t\tEmbark on a Global Culinary Adventure at Menaville's Main Restaurant\t\t\t\t\t\t\t\t\t<\/span>\n\t\t\t\t\t\t\t\t<\/div>\n\t\t\t\t\t\t\t\t\t\t\t\t\t\t\t\t\t\t\t\t\t\t\t\t<a href=\"\/de\/main-restaurant\/\" class=\"knsl-btn\">\n\t\t\t\t\t\t\t\t\t<span >\n\t\t\t\t\t\t\t\t\t\tMehr erfahren\t\t\t\t\t\t\t\t\t<\/span>\n\t\t\t\t\t\t\t\t\t<span class=\"screen-reader-text\">\n\t\t\t\t\t\t\t\t\t\tRead more&nbsp;Hauptrestaurant\t\t\t\t\t\t\t\t\t<\/span>\n\t\t\t\t\t\t\t\t<\/a>\n\t\t\t\t\t\t\t\t\t\t\t\t\t\t\t<\/div>\n\t\t\t\t\t\t<\/div>\n\t\t\t\t\t\t<!-- service card end -->\n\n          <\/div>\n\t\t\t\t\t\n          <div class=\"col-md-6 col-lg-4\">\n\n\t\t\t\t\t\t\n\t\t\t\t\t\t<!-- service card -->\n\t\t\t\t\t\t<div class=\"knsl-ath-card \">\n\t\t\t\t\t\t\t<div class=\"knsl-cover-frame\">\n\t\t\t\t\t\t\t\t\t\t\t\t\t\t\t\t<a href=\"\/de\/amalia-italian-restaurant\/\">\n\t\t\t\t\t\t\t\t\t\t\t\t\t\t\t\t\t\t\t\t\t\t\t\t\t\t<img decoding=\"async\" src=\"https:\/\/menaville-safaga.com\/wp-content\/uploads\/2024\/07\/AJ3A7550-950x633.jpg\" alt=\"Restaurant &#038; Bars\">\n\t\t\t\t\t\t\t\t\t\t\t\t\t\t\t\t\t\t\t\t\t\t\t\t\t<\/a>\n\t\t\t\t\t\t\t\t\t\t\t\t\t\t\t\t\t\t\t\t\t\t\t<\/div>\n\t\t\t\t\t\t\t<div class=\"knsl-card-description\">\n\t\t\t\t\t\t\t\t\t\t\t\t\t\t\t\t<h3 class=\"knsl-mb-10\">\n\t\t\t\t\t\t\t\t\t<span >\n\t\t\t\t\t\t\t\t\t\tAmalia Italienisches Restaurant\t\t\t\t\t\t\t\t\t<\/span>\n\t\t\t\t\t\t\t\t<\/h3>\n\t\t\t\t\t\t\t\t\t\t\t\t\t\t\t\t\t\t\t\t\t\t\t\t<div class=\"knsl-text knsl-text--h\">\n\t\t\t\t\t\t\t\t\t<span >\n\t\t\t\t\t\t\t\t\t\tExperience the Enchantment of Italy at Amalia.\t\t\t\t\t\t\t\t\t<\/span>\n\t\t\t\t\t\t\t\t<\/div>\n\t\t\t\t\t\t\t\t\t\t\t\t\t\t\t\t\t\t\t\t\t\t\t\t<a href=\"\/de\/amalia-italian-restaurant\/\" class=\"knsl-btn\">\n\t\t\t\t\t\t\t\t\t<span >\n\t\t\t\t\t\t\t\t\t\tMehr erfahren\t\t\t\t\t\t\t\t\t<\/span>\n\t\t\t\t\t\t\t\t\t<span class=\"screen-reader-text\">\n\t\t\t\t\t\t\t\t\t\tRead more&nbsp;Amalia Italienisches Restaurant\t\t\t\t\t\t\t\t\t<\/span>\n\t\t\t\t\t\t\t\t<\/a>\n\t\t\t\t\t\t\t\t\t\t\t\t\t\t\t<\/div>\n\t\t\t\t\t\t<\/div>\n\t\t\t\t\t\t<!-- service card end -->\n\n          <\/div>\n\t\t\t\t\t\n          <div class=\"col-md-6 col-lg-4\">\n\n\t\t\t\t\t\t\n\t\t\t\t\t\t<!-- service card -->\n\t\t\t\t\t\t<div class=\"knsl-ath-card \">\n\t\t\t\t\t\t\t<div class=\"knsl-cover-frame\">\n\t\t\t\t\t\t\t\t\t\t\t\t\t\t\t\t<a href=\"\/de\/fish-house-restaurant\/\">\n\t\t\t\t\t\t\t\t\t\t\t\t\t\t\t\t\t\t\t\t\t\t\t\t\t\t<img decoding=\"async\" src=\"https:\/\/menaville-safaga.com\/wp-content\/uploads\/2024\/09\/DSC00314-950x634.jpg\" alt=\"Restaurant &#038; Bars\">\n\t\t\t\t\t\t\t\t\t\t\t\t\t\t\t\t\t\t\t\t\t\t\t\t\t<\/a>\n\t\t\t\t\t\t\t\t\t\t\t\t\t\t\t\t\t\t\t\t\t\t\t\t<div class=\"knsl-badge\">\n\t\t\t\t\t\t\t\t\t<p class=\"mphb-price-wrapper\">\n\t\t\t\t\t\t\t\t\t\t<span class=\"mphb-price\">\n\t\t\t\t\t\t\t\t\t\t\t<span >\n\t\t\t\t\t\t\t\t\t\t\t\t$99\t\t\t\t\t\t\t\t\t\t\t<\/span>\n\t\t\t\t\t\t\t\t\t\t<\/span>\n\t\t\t\t\t\t\t\t\t\t<i >\n\t\t\t\t\t\t\t\t\t\t\t\t\t\t\t\t\t\t\t\t\t<\/i>\n\t\t\t\t\t\t\t\t\t<\/p>\n\t\t\t\t\t\t\t\t<\/div>\n\t\t\t\t\t\t\t\t\t\t\t\t\t\t\t<\/div>\n\t\t\t\t\t\t\t<div class=\"knsl-card-description\">\n\t\t\t\t\t\t\t\t\t\t\t\t\t\t\t\t<h3 class=\"knsl-mb-10\">\n\t\t\t\t\t\t\t\t\t<span >\n\t\t\t\t\t\t\t\t\t\tFischhaus-Restaurant\t\t\t\t\t\t\t\t\t<\/span>\n\t\t\t\t\t\t\t\t<\/h3>\n\t\t\t\t\t\t\t\t\t\t\t\t\t\t\t\t\t\t\t\t\t\t\t\t<div class=\"knsl-text knsl-text--h\">\n\t\t\t\t\t\t\t\t\t<span >\n\t\t\t\t\t\t\t\t\t\tDive into Delights at Fish House\t\t\t\t\t\t\t\t\t<\/span>\n\t\t\t\t\t\t\t\t<\/div>\n\t\t\t\t\t\t\t\t\t\t\t\t\t\t\t\t\t\t\t\t\t\t\t\t<a href=\"\/de\/fish-house-restaurant\/\" class=\"knsl-btn\">\n\t\t\t\t\t\t\t\t\t<span >\n\t\t\t\t\t\t\t\t\t\tMehr erfahren\t\t\t\t\t\t\t\t\t<\/span>\n\t\t\t\t\t\t\t\t\t<span class=\"screen-reader-text\">\n\t\t\t\t\t\t\t\t\t\tRead more&nbsp;Fischhaus-Restaurant\t\t\t\t\t\t\t\t\t<\/span>\n\t\t\t\t\t\t\t\t<\/a>\n\t\t\t\t\t\t\t\t\t\t\t\t\t\t\t<\/div>\n\t\t\t\t\t\t<\/div>\n\t\t\t\t\t\t<!-- service card end -->\n\n          <\/div>\n\t\t\t\t\t\t\t\t\t\t\n\t\t\t\t\t        <\/div>\n      <\/div>\n    <\/section>\n    <!-- services end -->\n\n\t\t\t\t<\/div>\n\t\t\t\t<\/div>\n\t\t\t\t\t<\/div>\n\t\t<\/div>\n\t\t\t\t\t<\/div>\n\t\t<\/section>\n\t\t\t\t\t<\/div>\n\t\t<\/div>\n\t\t\t\t\t<\/div>\n\t\t<\/section>\n\t\t\t\t<section class=\"elementor-section elementor-top-section elementor-element elementor-element-2c91ba0 elementor-section-full_width elementor-section-height-default elementor-section-height-default\" data-id=\"2c91ba0\" data-element_type=\"section\">\n\t\t\t\t\t\t<div class=\"elementor-container elementor-column-gap-no\">\n\t\t\t\t\t<div class=\"elementor-column elementor-col-100 elementor-top-column elementor-element elementor-element-b50889a\" data-id=\"b50889a\" data-element_type=\"column\">\n\t\t\t<div class=\"elementor-widget-wrap elementor-element-populated\">\n\t\t\t\t\t\t<section class=\"elementor-section elementor-inner-section elementor-element elementor-element-cf01a4a elementor-section-boxed elementor-section-height-default elementor-section-height-default\" data-id=\"cf01a4a\" data-element_type=\"section\">\n\t\t\t\t\t\t<div class=\"elementor-container elementor-column-gap-default\">\n\t\t\t\t\t<div class=\"elementor-column elementor-col-100 elementor-inner-column elementor-element elementor-element-60d1723\" data-id=\"60d1723\" data-element_type=\"column\">\n\t\t\t<div class=\"elementor-widget-wrap elementor-element-populated\">\n\t\t\t\t\t\t<div class=\"elementor-element elementor-element-d52d4cf elementor-widget elementor-widget-heading\" data-id=\"d52d4cf\" data-element_type=\"widget\" data-widget_type=\"heading.default\">\n\t\t\t\t<div class=\"elementor-widget-container\">\n\t\t\t<h2 class=\"elementor-heading-title elementor-size-default\">Bars<\/h2>\t\t<\/div>\n\t\t\t\t<\/div>\n\t\t\t\t<div class=\"elementor-element elementor-element-d33720c elementor-widget__width-initial elementor-widget elementor-widget-text-editor\" data-id=\"d33720c\" data-element_type=\"widget\" data-widget_type=\"text-editor.default\">\n\t\t\t\t<div class=\"elementor-widget-container\">\n\t\t\t\t\t\t\t<p>Lassen Sie die Seele baumeln und genie\u00dfen Sie die vielf\u00e4ltige Auswahl an Restaurants und Bars des <span class=\"error-spellcheck\" data-word=\"Menaville\" data-suggestion=\"Villenartig\">Menaville<\/span> <span class=\"error-spellcheck\" data-word=\"Resorts\" data-suggestion=\"Reports|Ressorts|Ressort\">Resorts<\/span>, die f\u00fcr jeden Geschmack und jede Stimmung etwas bereithalten. Genie\u00dfen Sie rund um die Uhr unser All-inclusive-Paket mit einer Vielzahl von kulinarischen K\u00f6stlichkeiten.<\/p>\t\t\t\t\t\t<\/div>\n\t\t\t\t<\/div>\n\t\t\t\t<div class=\"elementor-element elementor-element-c7e6ed1 elementor-widget elementor-widget-kinsley-services-custom\" data-id=\"c7e6ed1\" data-element_type=\"widget\" data-widget_type=\"kinsley-services-custom.default\">\n\t\t\t\t<div class=\"elementor-widget-container\">\n\t\t\t\n\t\t<!-- services -->\n    <section class=\"knsl-p-0-80\">\n      <div class=\"container\">\n        <div class=\"row  attr-desc-false attr-price-false\">\n          \n\t\t\t\t\t\n\t\t\t\t\t\n          <div class=\"col-md-6 col-lg-4\">\n\n\t\t\t\t\t\t\n\t\t\t\t\t\t<!-- service card -->\n\t\t\t\t\t\t<div class=\"knsl-ath-card \">\n\t\t\t\t\t\t\t<div class=\"knsl-cover-frame\">\n\t\t\t\t\t\t\t\t\t\t\t\t\t\t\t\t<a href=\"\/de\/cactus-bar\/\">\n\t\t\t\t\t\t\t\t\t\t\t\t\t\t\t\t\t\t\t\t\t\t\t\t\t\t<img decoding=\"async\" src=\"https:\/\/menaville-safaga.com\/wp-content\/uploads\/2024\/09\/DSC00394-950x634.jpg\" alt=\"Restaurant &#038; Bars\">\n\t\t\t\t\t\t\t\t\t\t\t\t\t\t\t\t\t\t\t\t\t\t\t\t\t<\/a>\n\t\t\t\t\t\t\t\t\t\t\t\t\t\t\t\t\t\t\t\t\t\t\t<\/div>\n\t\t\t\t\t\t\t<div class=\"knsl-card-description\">\n\t\t\t\t\t\t\t\t\t\t\t\t\t\t\t\t<h3 class=\"knsl-mb-10\">\n\t\t\t\t\t\t\t\t\t<span >\n\t\t\t\t\t\t\t\t\t\tKaktusbar\t\t\t\t\t\t\t\t\t<\/span>\n\t\t\t\t\t\t\t\t<\/h3>\n\t\t\t\t\t\t\t\t\t\t\t\t\t\t\t\t\t\t\t\t\t\t\t\t<div class=\"knsl-text knsl-text--h\">\n\t\t\t\t\t\t\t\t\t<span >\n\t\t\t\t\t\t\t\t\t\tF\u00fcr einen Hauch von Raffinesse besuchen Sie die Cactus Bar. Genie\u00dfen Sie Ihre Lieblingsgetr\u00e4nke aus der Region und aus dem Ausland in stilvollem Dekor.\t\t\t\t\t\t\t\t\t<\/span>\n\t\t\t\t\t\t\t\t<\/div>\n\t\t\t\t\t\t\t\t\t\t\t\t\t\t\t\t\t\t\t\t\t\t\t\t<a href=\"\/de\/cactus-bar\/\" class=\"knsl-btn\">\n\t\t\t\t\t\t\t\t\t<span >\n\t\t\t\t\t\t\t\t\t\tMehr erfahren\t\t\t\t\t\t\t\t\t<\/span>\n\t\t\t\t\t\t\t\t\t<span class=\"screen-reader-text\">\n\t\t\t\t\t\t\t\t\t\tRead more&nbsp;Kaktusbar\t\t\t\t\t\t\t\t\t<\/span>\n\t\t\t\t\t\t\t\t<\/a>\n\t\t\t\t\t\t\t\t\t\t\t\t\t\t\t<\/div>\n\t\t\t\t\t\t<\/div>\n\t\t\t\t\t\t<!-- service card end -->\n\n          <\/div>\n\t\t\t\t\t\n          <div class=\"col-md-6 col-lg-4\">\n\n\t\t\t\t\t\t\n\t\t\t\t\t\t<!-- service card -->\n\t\t\t\t\t\t<div class=\"knsl-ath-card \">\n\t\t\t\t\t\t\t<div class=\"knsl-cover-frame\">\n\t\t\t\t\t\t\t\t\t\t\t\t\t\t\t\t<a href=\"\/de\/lobby-bar\/\">\n\t\t\t\t\t\t\t\t\t\t\t\t\t\t\t\t\t\t\t\t\t\t\t\t\t\t<img decoding=\"async\" src=\"https:\/\/menaville-safaga.com\/wp-content\/uploads\/2024\/07\/Img7880-copyxxokxc-950x740.jpg\" alt=\"Restaurant &#038; Bars\">\n\t\t\t\t\t\t\t\t\t\t\t\t\t\t\t\t\t\t\t\t\t\t\t\t\t<\/a>\n\t\t\t\t\t\t\t\t\t\t\t\t\t\t\t\t\t\t\t\t\t\t\t<\/div>\n\t\t\t\t\t\t\t<div class=\"knsl-card-description\">\n\t\t\t\t\t\t\t\t\t\t\t\t\t\t\t\t<h3 class=\"knsl-mb-10\">\n\t\t\t\t\t\t\t\t\t<span >\n\t\t\t\t\t\t\t\t\t\tLobby Bar\t\t\t\t\t\t\t\t\t<\/span>\n\t\t\t\t\t\t\t\t<\/h3>\n\t\t\t\t\t\t\t\t\t\t\t\t\t\t\t\t\t\t\t\t\t\t\t\t<div class=\"knsl-text knsl-text--h\">\n\t\t\t\t\t\t\t\t\t<span >\n\t\t\t\t\t\t\t\t\t\tEntspannen Sie sich im eleganten Ambiente unserer Lobby Bar. Genie\u00dfen Sie eine gro\u00dfe Auswahl an lokalen und importierten Getr\u00e4nken in ruhiger Atmosph\u00e4re.\t\t\t\t\t\t\t\t\t<\/span>\n\t\t\t\t\t\t\t\t<\/div>\n\t\t\t\t\t\t\t\t\t\t\t\t\t\t\t\t\t\t\t\t\t\t\t\t<a href=\"\/de\/lobby-bar\/\" class=\"knsl-btn\">\n\t\t\t\t\t\t\t\t\t<span >\n\t\t\t\t\t\t\t\t\t\tMehr erfahren\t\t\t\t\t\t\t\t\t<\/span>\n\t\t\t\t\t\t\t\t\t<span class=\"screen-reader-text\">\n\t\t\t\t\t\t\t\t\t\tRead more&nbsp;Lobby Bar\t\t\t\t\t\t\t\t\t<\/span>\n\t\t\t\t\t\t\t\t<\/a>\n\t\t\t\t\t\t\t\t\t\t\t\t\t\t\t<\/div>\n\t\t\t\t\t\t<\/div>\n\t\t\t\t\t\t<!-- service card end -->\n\n          <\/div>\n\t\t\t\t\t\n          <div class=\"col-md-6 col-lg-4\">\n\n\t\t\t\t\t\t\n\t\t\t\t\t\t<!-- service card -->\n\t\t\t\t\t\t<div class=\"knsl-ath-card \">\n\t\t\t\t\t\t\t<div class=\"knsl-cover-frame\">\n\t\t\t\t\t\t\t\t\t\t\t\t\t\t\t\t<a href=\"\/de\/beach-bar\/\">\n\t\t\t\t\t\t\t\t\t\t\t\t\t\t\t\t\t\t\t\t\t\t\t\t\t\t<img decoding=\"async\" src=\"https:\/\/menaville-safaga.com\/wp-content\/uploads\/2024\/09\/DSC09768-1-950x634.jpg\" alt=\"Restaurant &#038; Bars\">\n\t\t\t\t\t\t\t\t\t\t\t\t\t\t\t\t\t\t\t\t\t\t\t\t\t<\/a>\n\t\t\t\t\t\t\t\t\t\t\t\t\t\t\t\t\t\t\t\t\t\t\t<\/div>\n\t\t\t\t\t\t\t<div class=\"knsl-card-description\">\n\t\t\t\t\t\t\t\t\t\t\t\t\t\t\t\t<h3 class=\"knsl-mb-10\">\n\t\t\t\t\t\t\t\t\t<span >\n\t\t\t\t\t\t\t\t\t\tBeach Bar\t\t\t\t\t\t\t\t\t<\/span>\n\t\t\t\t\t\t\t\t<\/h3>\n\t\t\t\t\t\t\t\t\t\t\t\t\t\t\t\t\t\t\t\t\t\t\t\t<div class=\"knsl-text knsl-text--h\">\n\t\t\t\t\t\t\t\t\t<span >\n\t\t\t\t\t\t\t\t\t\tGenie\u00dfen Sie den atemberaubenden Meerblick, w\u00e4hrend Sie an unserer praktischen Strandbar hei\u00dfe oder kalte Getr\u00e4nke, darunter lokale Biere und Weine, genie\u00dfen.\t\t\t\t\t\t\t\t\t<\/span>\n\t\t\t\t\t\t\t\t<\/div>\n\t\t\t\t\t\t\t\t\t\t\t\t\t\t\t\t\t\t\t\t\t\t\t\t<a href=\"\/de\/beach-bar\/\" class=\"knsl-btn\">\n\t\t\t\t\t\t\t\t\t<span >\n\t\t\t\t\t\t\t\t\t\tMehr erfahren\t\t\t\t\t\t\t\t\t<\/span>\n\t\t\t\t\t\t\t\t\t<span class=\"screen-reader-text\">\n\t\t\t\t\t\t\t\t\t\tRead more&nbsp;Beach Bar\t\t\t\t\t\t\t\t\t<\/span>\n\t\t\t\t\t\t\t\t<\/a>\n\t\t\t\t\t\t\t\t\t\t\t\t\t\t\t<\/div>\n\t\t\t\t\t\t<\/div>\n\t\t\t\t\t\t<!-- service card end -->\n\n          <\/div>\n\t\t\t\t\t\n          <div class=\"col-md-6 col-lg-4\">\n\n\t\t\t\t\t\t\n\t\t\t\t\t\t<!-- service card -->\n\t\t\t\t\t\t<div class=\"knsl-ath-card  knsl-scroll-animation\">\n\t\t\t\t\t\t\t<div class=\"knsl-cover-frame\">\n\t\t\t\t\t\t\t\t\t\t\t\t\t\t\t\t<a href=\"\/de\/shisha-bar\/\">\n\t\t\t\t\t\t\t\t\t\t\t\t\t\t\t\t\t\t\t\t\t\t\t\t\t\t<img decoding=\"async\" src=\"https:\/\/menaville-safaga.com\/wp-content\/uploads\/2021\/12\/Img7853-950x633.jpg\" alt=\"Restaurant &#038; Bars\">\n\t\t\t\t\t\t\t\t\t\t\t\t\t\t\t\t\t\t\t\t\t\t\t\t\t<\/a>\n\t\t\t\t\t\t\t\t\t\t\t\t\t\t\t\t\t\t\t\t\t\t\t<\/div>\n\t\t\t\t\t\t\t<div class=\"knsl-card-description\">\n\t\t\t\t\t\t\t\t\t\t\t\t\t\t\t\t<h3 class=\"knsl-mb-10\">\n\t\t\t\t\t\t\t\t\t<span >\n\t\t\t\t\t\t\t\t\t\tShisha Bar\t\t\t\t\t\t\t\t\t<\/span>\n\t\t\t\t\t\t\t\t<\/h3>\n\t\t\t\t\t\t\t\t\t\t\t\t\t\t\t\t\t\t\t\t\t\t\t\t<div class=\"knsl-text knsl-text--h\">\n\t\t\t\t\t\t\t\t\t<span >\n\t\t\t\t\t\t\t\t\t\tTauchen Sie ein in das orientalische Ambiente unserer Shisha-Bar. Genie\u00dfen Sie die traditionelle Wasserpfeife (Shisha) zusammen mit Ihrem Lieblingsgetr\u00e4nk, w\u00e4hrend Sie einem Mix aus orientalischer und westlicher Musik lauschen.\t\t\t\t\t\t\t\t\t<\/span>\n\t\t\t\t\t\t\t\t<\/div>\n\t\t\t\t\t\t\t\t\t\t\t\t\t\t\t\t\t\t\t\t\t\t\t\t<a href=\"\/de\/shisha-bar\/\" class=\"knsl-btn\">\n\t\t\t\t\t\t\t\t\t<span >\n\t\t\t\t\t\t\t\t\t\tMehr erfahren\t\t\t\t\t\t\t\t\t<\/span>\n\t\t\t\t\t\t\t\t\t<span class=\"screen-reader-text\">\n\t\t\t\t\t\t\t\t\t\tRead more&nbsp;Shisha Bar\t\t\t\t\t\t\t\t\t<\/span>\n\t\t\t\t\t\t\t\t<\/a>\n\t\t\t\t\t\t\t\t\t\t\t\t\t\t\t<\/div>\n\t\t\t\t\t\t<\/div>\n\t\t\t\t\t\t<!-- service card end -->\n\n          <\/div>\n\t\t\t\t\t\n          <div class=\"col-md-6 col-lg-4\">\n\n\t\t\t\t\t\t\n\t\t\t\t\t\t<!-- service card -->\n\t\t\t\t\t\t<div class=\"knsl-ath-card  knsl-scroll-animation\">\n\t\t\t\t\t\t\t<div class=\"knsl-cover-frame\">\n\t\t\t\t\t\t\t\t\t\t\t\t\t\t\t\t<a href=\"\/de\/pool-bar\/\">\n\t\t\t\t\t\t\t\t\t\t\t\t\t\t\t\t\t\t\t\t\t\t\t\t\t\t<img decoding=\"async\" src=\"https:\/\/menaville-safaga.com\/wp-content\/uploads\/2024\/08\/AJ3A7106-950x633.jpg\" alt=\"Restaurant &#038; Bars\">\n\t\t\t\t\t\t\t\t\t\t\t\t\t\t\t\t\t\t\t\t\t\t\t\t\t<\/a>\n\t\t\t\t\t\t\t\t\t\t\t\t\t\t\t\t\t\t\t\t\t\t\t<\/div>\n\t\t\t\t\t\t\t<div class=\"knsl-card-description\">\n\t\t\t\t\t\t\t\t\t\t\t\t\t\t\t\t<h3 class=\"knsl-mb-10\">\n\t\t\t\t\t\t\t\t\t<span >\n\t\t\t\t\t\t\t\t\t\tSchwimmbadbar\t\t\t\t\t\t\t\t\t<\/span>\n\t\t\t\t\t\t\t\t<\/h3>\n\t\t\t\t\t\t\t\t\t\t\t\t\t\t\t\t\t\t\t\t\t\t\t\t\t\t\t\t\t\t\t\t<a href=\"\/de\/pool-bar\/\" class=\"knsl-btn\">\n\t\t\t\t\t\t\t\t\t<span >\n\t\t\t\t\t\t\t\t\t\tMehr lesen\t\t\t\t\t\t\t\t\t<\/span>\n\t\t\t\t\t\t\t\t\t<span class=\"screen-reader-text\">\n\t\t\t\t\t\t\t\t\t\tRead more&nbsp;Schwimmbadbar\t\t\t\t\t\t\t\t\t<\/span>\n\t\t\t\t\t\t\t\t<\/a>\n\t\t\t\t\t\t\t\t\t\t\t\t\t\t\t<\/div>\n\t\t\t\t\t\t<\/div>\n\t\t\t\t\t\t<!-- service card end -->\n\n          <\/div>\n\t\t\t\t\t\t\t\t\t\t\n\t\t\t\t\t        <\/div>\n      <\/div>\n    <\/section>\n    <!-- services end -->\n\n\t\t\t\t<\/div>\n\t\t\t\t<\/div>\n\t\t\t\t\t<\/div>\n\t\t<\/div>\n\t\t\t\t\t<\/div>\n\t\t<\/section>\n\t\t\t\t\t<\/div>\n\t\t<\/div>\n\t\t\t\t\t<\/div>\n\t\t<\/section>\n\t\t\t\t<\/div>\n\t\t","protected":false},"excerpt":{"rendered":"<p>Restaurants und Bars Feinstes kulinarisches Erlebnis in unserem Hotelrestaurant &amp; Bar Home Restaurants Lassen Sie die Seele baumeln und genie\u00dfen&#8230; <span class=\"knsl-el-more\"><a href=\"https:\/\/menaville-safaga.com\/de\/restaurants-bars\/\" class=\"knsl-btn\">Read more<span class=\"screen-reader-text\">Read more&nbsp;Restaurant &#038; Bars<\/span><\/a><\/span><\/p>\n","protected":false},"author":1,"featured_media":10825,"parent":0,"menu_order":0,"comment_status":"closed","ping_status":"closed","template":"template-layout-builder.php","meta":{"_acf_changed":false,"_monsterinsights_skip_tracking":false,"_monsterinsights_sitenote_active":false,"_monsterinsights_sitenote_note":"","_monsterinsights_sitenote_category":0,"footnotes":""},"class_list":["post-10884","page","type-page","status-publish","has-post-thumbnail","hentry"],"acf":[],"aioseo_notices":[],"_links":{"self":[{"href":"https:\/\/menaville-safaga.com\/de\/wp-json\/wp\/v2\/pages\/10884","targetHints":{"allow":["GET"]}}],"collection":[{"href":"https:\/\/menaville-safaga.com\/de\/wp-json\/wp\/v2\/pages"}],"about":[{"href":"https:\/\/menaville-safaga.com\/de\/wp-json\/wp\/v2\/types\/page"}],"author":[{"embeddable":true,"href":"https:\/\/menaville-safaga.com\/de\/wp-json\/wp\/v2\/users\/1"}],"replies":[{"embeddable":true,"href":"https:\/\/menaville-safaga.com\/de\/wp-json\/wp\/v2\/comments?post=10884"}],"version-history":[{"count":25,"href":"https:\/\/menaville-safaga.com\/de\/wp-json\/wp\/v2\/pages\/10884\/revisions"}],"predecessor-version":[{"id":36741,"href":"https:\/\/menaville-safaga.com\/de\/wp-json\/wp\/v2\/pages\/10884\/revisions\/36741"}],"wp:featuredmedia":[{"embeddable":true,"href":"https:\/\/menaville-safaga.com\/de\/wp-json\/wp\/v2\/media\/10825"}],"wp:attachment":[{"href":"https:\/\/menaville-safaga.com\/de\/wp-json\/wp\/v2\/media?parent=10884"}],"curies":[{"name":"wp","href":"https:\/\/api.w.org\/{rel}","templated":true}]}}